{"id":8172,"date":"2025-03-05T06:09:37","date_gmt":"2025-03-05T05:09:37","guid":{"rendered":"https:\/\/dorelaiepan.com\/fr-2025-01-22-les-messages-caches-des-emotions-apprendre-a-les-ecouter-copy-4\/"},"modified":"2025-03-05T06:09:37","modified_gmt":"2025-03-05T05:09:37","slug":"fr-2025-01-22-les-messages-caches-des-emotions-apprendre-a-les-ecouter-copy-4","status":"publish","type":"product","link":"https:\/\/dorelaiepan.com\/fr\/fr-2025-01-22-les-messages-caches-des-emotions-apprendre-a-les-ecouter-copy-4\/","title":{"rendered":"FR 2025-05-16 Lib\u00e9rer la Culpabilit\u00e9: Ouvrir la Porte \u00e0 l&#8217;Acceptation de Soi"},"content":{"rendered":"","protected":false},"excerpt":{"rendered":"","protected":false},"featured_media":8190,"comment_status":"closed","ping_status":"closed","template":"","meta":{"pmpro_default_level":""},"product_brand":[],"product_cat":[128],"product_tag":[],"class_list":{"0":"post-8172","1":"product","2":"type-product","3":"status-publish","4":"has-post-thumbnail","6":"product_cat-workshops","7":"pmpro-has-access","9":"first","10":"instock","11":"sale","12":"downloadable","13":"virtual","14":"sold-individually","15":"purchasable","16":"product-type-simple"},"jetpack_sharing_enabled":true,"_links":{"self":[{"href":"https:\/\/dorelaiepan.com\/fr\/wp-json\/wp\/v2\/product\/8172","targetHints":{"allow":["GET"]}}],"collection":[{"href":"https:\/\/dorelaiepan.com\/fr\/wp-json\/wp\/v2\/product"}],"about":[{"href":"https:\/\/dorelaiepan.com\/fr\/wp-json\/wp\/v2\/types\/product"}],"replies":[{"embeddable":true,"href":"https:\/\/dorelaiepan.com\/fr\/wp-json\/wp\/v2\/comments?post=8172"}],"version-history":[{"count":1,"href":"https:\/\/dorelaiepan.com\/fr\/wp-json\/wp\/v2\/product\/8172\/revisions"}],"predecessor-version":[{"id":8187,"href":"https:\/\/dorelaiepan.com\/fr\/wp-json\/wp\/v2\/product\/8172\/revisions\/8187"}],"wp:featuredmedia":[{"embeddable":true,"href":"https:\/\/dorelaiepan.com\/fr\/wp-json\/wp\/v2\/media\/8190"}],"wp:attachment":[{"href":"https:\/\/dorelaiepan.com\/fr\/wp-json\/wp\/v2\/media?parent=8172"}],"wp:term":[{"taxonomy":"product_brand","embeddable":true,"href":"https:\/\/dorelaiepan.com\/fr\/wp-json\/wp\/v2\/product_brand?post=8172"},{"taxonomy":"product_cat","embeddable":true,"href":"https:\/\/dorelaiepan.com\/fr\/wp-json\/wp\/v2\/product_cat?post=8172"},{"taxonomy":"product_tag","embeddable":true,"href":"https:\/\/dorelaiepan.com\/fr\/wp-json\/wp\/v2\/product_tag?post=8172"}],"curies":[{"name":"wp","href":"https:\/\/api.w.org\/{rel}","templated":true}]}}