{"id":8170,"date":"2025-03-04T17:10:48","date_gmt":"2025-03-04T16:10:48","guid":{"rendered":"https:\/\/dorelaiepan.com\/fr-2025-01-22-les-messages-caches-des-emotions-apprendre-a-les-ecouter-copy-3\/"},"modified":"2025-03-04T17:10:48","modified_gmt":"2025-03-04T16:10:48","slug":"fr-2025-01-22-les-messages-caches-des-emotions-apprendre-a-les-ecouter-copy-3","status":"publish","type":"product","link":"https:\/\/dorelaiepan.com\/fr\/fr-2025-01-22-les-messages-caches-des-emotions-apprendre-a-les-ecouter-copy-3\/","title":{"rendered":"FR 2025-03-20 Lib\u00e9rer la Tristesse Cach\u00e9e &#8211; Retrouver l&#8217;\u00c9quilibre \u00c9motionnel"},"content":{"rendered":"","protected":false},"excerpt":{"rendered":"","protected":false},"featured_media":8182,"comment_status":"closed","ping_status":"closed","template":"","meta":{"pmpro_default_level":""},"product_brand":[],"product_cat":[128],"product_tag":[],"class_list":{"0":"post-8170","1":"product","2":"type-product","3":"status-publish","4":"has-post-thumbnail","6":"product_cat-workshops","7":"pmpro-has-access","9":"first","10":"instock","11":"sale","12":"downloadable","13":"virtual","14":"sold-individually","15":"purchasable","16":"product-type-simple"},"jetpack_sharing_enabled":true,"_links":{"self":[{"href":"https:\/\/dorelaiepan.com\/fr\/wp-json\/wp\/v2\/product\/8170","targetHints":{"allow":["GET"]}}],"collection":[{"href":"https:\/\/dorelaiepan.com\/fr\/wp-json\/wp\/v2\/product"}],"about":[{"href":"https:\/\/dorelaiepan.com\/fr\/wp-json\/wp\/v2\/types\/product"}],"replies":[{"embeddable":true,"href":"https:\/\/dorelaiepan.com\/fr\/wp-json\/wp\/v2\/comments?post=8170"}],"version-history":[{"count":1,"href":"https:\/\/dorelaiepan.com\/fr\/wp-json\/wp\/v2\/product\/8170\/revisions"}],"predecessor-version":[{"id":8179,"href":"https:\/\/dorelaiepan.com\/fr\/wp-json\/wp\/v2\/product\/8170\/revisions\/8179"}],"wp:featuredmedia":[{"embeddable":true,"href":"https:\/\/dorelaiepan.com\/fr\/wp-json\/wp\/v2\/media\/8182"}],"wp:attachment":[{"href":"https:\/\/dorelaiepan.com\/fr\/wp-json\/wp\/v2\/media?parent=8170"}],"wp:term":[{"taxonomy":"product_brand","embeddable":true,"href":"https:\/\/dorelaiepan.com\/fr\/wp-json\/wp\/v2\/product_brand?post=8170"},{"taxonomy":"product_cat","embeddable":true,"href":"https:\/\/dorelaiepan.com\/fr\/wp-json\/wp\/v2\/product_cat?post=8170"},{"taxonomy":"product_tag","embeddable":true,"href":"https:\/\/dorelaiepan.com\/fr\/wp-json\/wp\/v2\/product_tag?post=8170"}],"curies":[{"name":"wp","href":"https:\/\/api.w.org\/{rel}","templated":true}]}}