{"id":7630,"date":"2024-09-14T13:47:50","date_gmt":"2024-09-14T11:47:50","guid":{"rendered":"https:\/\/dorelaiepan.com\/belief-code-copy\/"},"modified":"2025-10-30T17:34:49","modified_gmt":"2025-10-30T16:34:49","slug":"workshop","status":"publish","type":"product","link":"https:\/\/dorelaiepan.com\/fr\/workshop\/","title":{"rendered":"Forfaits ateliers de lib\u00e9ration \u00e9motionnelle 1 | 3 | 6"},"content":{"rendered":"<div data-elementor-type=\"product-post\" data-elementor-id=\"7630\" class=\"elementor elementor-7630\" data-elementor-post-type=\"product\">\n\t\t\t\t\t\t<section class=\"elementor-section elementor-top-section elementor-element elementor-element-bd30a86 elementor-section-boxed elementor-section-height-default elementor-section-height-default\" data-id=\"bd30a86\" data-element_type=\"section\" data-e-type=\"section\">\n\t\t\t\t\t\t<div class=\"elementor-container elementor-column-gap-default\">\n\t\t\t\t\t<div class=\"elementor-column elementor-col-33 elementor-top-column elementor-element elementor-element-e9231f8\" data-id=\"e9231f8\" data-element_type=\"column\" data-e-type=\"column\">\n\t\t\t<div class=\"elementor-widget-wrap elementor-element-populated\">\n\t\t\t\t\t\t<div class=\"elementor-element elementor-element-056906e elementor-widget__width-initial elementor-widget elementor-widget-image\" data-id=\"056906e\" data-element_type=\"widget\" data-e-type=\"widget\" data-widget_type=\"image.default\">\n\t\t\t\t<div class=\"elementor-widget-container\">\n\t\t\t\t\t\t\t\t\t\t\t\t\t\t\t<img fetchpriority=\"high\" decoding=\"async\" width=\"600\" height=\"600\" src=\"https:\/\/dorelaiepan.com\/wp-content\/uploads\/2022\/02\/en-tec-practitioner-badge.png\" class=\"attachment-medium_large size-medium_large wp-image-1841\" alt=\"emotion code certification\" srcset=\"https:\/\/dorelaiepan.com\/wp-content\/uploads\/2022\/02\/en-tec-practitioner-badge.png 600w, https:\/\/dorelaiepan.com\/wp-content\/uploads\/2022\/02\/en-tec-practitioner-badge-150x150.png 150w, https:\/\/dorelaiepan.com\/wp-content\/uploads\/2022\/02\/en-tec-practitioner-badge-100x100.png 100w, https:\/\/dorelaiepan.com\/wp-content\/uploads\/2022\/02\/en-tec-practitioner-badge-470x470.png 470w, https:\/\/dorelaiepan.com\/wp-content\/uploads\/2022\/02\/en-tec-practitioner-badge-300x300.png 300w, https:\/\/dorelaiepan.com\/wp-content\/uploads\/2022\/02\/en-tec-practitioner-badge-12x12.png 12w\" sizes=\"(max-width: 600px) 100vw, 600px\" title=\"\">\t\t\t\t\t\t\t\t\t\t\t\t\t\t\t<\/div>\n\t\t\t\t<\/div>\n\t\t\t\t\t<\/div>\n\t\t<\/div>\n\t\t\t\t<div class=\"elementor-column elementor-col-66 elementor-top-column elementor-element elementor-element-c4d3c09\" data-id=\"c4d3c09\" data-element_type=\"column\" data-e-type=\"column\">\n\t\t\t<div class=\"elementor-widget-wrap elementor-element-populated\">\n\t\t\t\t\t\t<div class=\"elementor-element elementor-element-213f1c7 elementor-widget elementor-widget-text-editor\" data-id=\"213f1c7\" data-element_type=\"widget\" data-e-type=\"widget\" data-widget_type=\"text-editor.default\">\n\t\t\t\t<div class=\"elementor-widget-container\">\n\t\t\t\t\t\t\t\t\t<p>Les ateliers de groupe sont un excellent moyen de commencer votre parcours de gu\u00e9rison et de transformation \u00e9motionnelle, ainsi qu'un bon moyen de maintenir votre bien-\u00eatre. Vous pouvez participer uniquement \u00e0 des ateliers de groupe, avec des th\u00e8mes choisis qui sont pertinents pour la plupart des personnes de la communaut\u00e9, ou vous pouvez les combiner avec <a href=\"https:\/\/dorelaiepan.com\/shop\/\" target=\"_blank\" rel=\"noopener\">s\u00e9ances priv\u00e9es<\/a>, o\u00f9 vous travaillez sur des situations tr\u00e8s sp\u00e9cifiques de votre vie.<\/p><p>Les ateliers de groupe sont tr\u00e8s utiles car, au cours d\u2019une s\u00e9ance, plus de 30 \u00e9motions sont lib\u00e9r\u00e9es. Sachant que dans une s\u00e9ance individuelle, entre 7 et 14 \u00e9motions sont lib\u00e9r\u00e9es, on comprend pourquoi le nettoyage dans les ateliers de groupe est si intense et comment les r\u00e9sultats arrivent parfois instantan\u00e9ment.<\/p><p>Tous les ateliers contiennent une combinaison de techniques (Coaching, Code \u00c9motionnel \/ Code Corporel \/ Code Croyance, EFT, M\u00e9ditation).<\/p><p>Les ateliers se d\u00e9roulent en ligne et durent 60 minutes. Tous les ateliers sont enregistr\u00e9s et l'acc\u00e8s aux enregistrements est r\u00e9serv\u00e9 aux <a href=\"https:\/\/dorelaiepan.com\/membership-account\/subscriptions\/\" target=\"_blank\" rel=\"noopener\">abonn\u00e9s<\/a> ou ceux qui ont achet\u00e9 l'acc\u00e8s aux <a href=\"https:\/\/dorelaiepan.com\/courses\/\" target=\"_blank\" rel=\"noopener\">enregistrements<\/a>.<\/p>\t\t\t\t\t\t\t\t<\/div>\n\t\t\t\t<\/div>\n\t\t\t\t\t<\/div>\n\t\t<\/div>\n\t\t\t\t\t<\/div>\n\t\t<\/section>\n\t\t\t\t<section class=\"elementor-section elementor-top-section elementor-element elementor-element-4a88698 elementor-section-boxed elementor-section-height-default elementor-section-height-default\" data-id=\"4a88698\" data-element_type=\"section\" data-e-type=\"section\">\n\t\t\t\t\t\t<div class=\"elementor-container elementor-column-gap-default\">\n\t\t\t\t\t<div class=\"elementor-column elementor-col-66 elementor-top-column elementor-element elementor-element-19ecc77\" data-id=\"19ecc77\" data-element_type=\"column\" data-e-type=\"column\">\n\t\t\t<div class=\"elementor-widget-wrap elementor-element-populated\">\n\t\t\t\t\t\t<div class=\"elementor-element elementor-element-6949dfe elementor-widget elementor-widget-text-editor\" data-id=\"6949dfe\" data-element_type=\"widget\" data-e-type=\"widget\" data-widget_type=\"text-editor.default\">\n\t\t\t\t<div class=\"elementor-widget-container\">\n\t\t\t\t\t\t\t\t\t<h4 style=\"text-align: center;\">Quelles techniques sont utilis\u00e9es dans les ateliers ?<\/h4>\t\t\t\t\t\t\t\t<\/div>\n\t\t\t\t<\/div>\n\t\t\t\t<div class=\"elementor-element elementor-element-2f112ca elementor-widget elementor-widget-text-editor\" data-id=\"2f112ca\" data-element_type=\"widget\" data-e-type=\"widget\" data-widget_type=\"text-editor.default\">\n\t\t\t\t<div class=\"elementor-widget-container\">\n\t\t\t\t\t\t\t\t\t<p>La structure des ateliers a \u00e9t\u00e9 am\u00e9lior\u00e9e en permanence au fil du temps, en fonction des retours des participants, atteignant d\u00e9sormais la forme parfaite, \u00e0 mon avis, pour que vous puissiez tirer le meilleur parti des avantages dans le temps imparti.<\/p><p>Tous les ateliers contiennent une combinaison de techniques (coaching, Code des \u00e9motions \/ Code Corporel, EFT, m\u00e9ditation) mais l'une d'entre elles est dominante. Vous pouvez donc choisir les ateliers auxquels participer en fonction du th\u00e8me qui vous int\u00e9resse ou en fonction de la technique principale (Code des \u00e9motions, EFT, Code Corporel).<\/p><p>Chaque atelier d\u00e9bute par quelques questions auxquelles vous r\u00e9pondrez par \u00e9crit, dans votre agenda (pas besoin de les partager dans le chat). Ces questions ont pour but d'attirer l'attention sur le th\u00e8me de l'atelier, de vous aider \u00e0 \u00e9valuer les \u00e9motions li\u00e9es aux choses \u00e9crites (avant et apr\u00e8s l'atelier), mais aussi de fixer le plus correctement possible votre intention par rapport aux lib\u00e9rations qui sont sur le point de se produire.<\/p>\t\t\t\t\t\t\t\t<\/div>\n\t\t\t\t<\/div>\n\t\t\t\t\t<\/div>\n\t\t<\/div>\n\t\t\t\t<div class=\"elementor-column elementor-col-33 elementor-top-column elementor-element elementor-element-c7c2e5c\" data-id=\"c7c2e5c\" data-element_type=\"column\" data-e-type=\"column\">\n\t\t\t<div class=\"elementor-widget-wrap elementor-element-populated\">\n\t\t\t\t\t\t<div class=\"elementor-element elementor-element-6041e9d elementor-widget__width-initial elementor-widget elementor-widget-image\" data-id=\"6041e9d\" data-element_type=\"widget\" data-e-type=\"widget\" data-widget_type=\"image.default\">\n\t\t\t\t<div class=\"elementor-widget-container\">\n\t\t\t\t\t\t\t\t\t\t\t\t\t\t\t<img decoding=\"async\" width=\"768\" height=\"768\" data-src=\"https:\/\/dorelaiepan.com\/wp-content\/uploads\/2023\/04\/EN-L2-Body-Code-Badge-D2023-768x768.png\" class=\"attachment-medium_large size-medium_large wp-image-2660 lazyload\" alt=\"body code certification\" data-srcset=\"https:\/\/dorelaiepan.com\/wp-content\/uploads\/2023\/04\/EN-L2-Body-Code-Badge-D2023-768x768.png 768w, https:\/\/dorelaiepan.com\/wp-content\/uploads\/2023\/04\/EN-L2-Body-Code-Badge-D2023-150x150.png 150w, https:\/\/dorelaiepan.com\/wp-content\/uploads\/2023\/04\/EN-L2-Body-Code-Badge-D2023-100x100.png 100w, https:\/\/dorelaiepan.com\/wp-content\/uploads\/2023\/04\/EN-L2-Body-Code-Badge-D2023-470x470.png 470w, https:\/\/dorelaiepan.com\/wp-content\/uploads\/2023\/04\/EN-L2-Body-Code-Badge-D2023-300x300.png 300w, https:\/\/dorelaiepan.com\/wp-content\/uploads\/2023\/04\/EN-L2-Body-Code-Badge-D2023-1024x1024.png 1024w, https:\/\/dorelaiepan.com\/wp-content\/uploads\/2023\/04\/EN-L2-Body-Code-Badge-D2023-12x12.png 12w, https:\/\/dorelaiepan.com\/wp-content\/uploads\/2023\/04\/EN-L2-Body-Code-Badge-D2023-75x75.png 75w, https:\/\/dorelaiepan.com\/wp-content\/uploads\/2023\/04\/EN-L2-Body-Code-Badge-D2023.png 1200w\" data-sizes=\"(max-width: 768px) 100vw, 768px\" title=\"\" src=\"data:image\/svg+xml;base64,PHN2ZyB3aWR0aD0iMSIgaGVpZ2h0PSIxIiB4bWxucz0iaHR0cDovL3d3dy53My5vcmcvMjAwMC9zdmciPjwvc3ZnPg==\" style=\"--smush-placeholder-width: 768px; --smush-placeholder-aspect-ratio: 768\/768;\">\t\t\t\t\t\t\t\t\t\t\t\t\t\t\t<\/div>\n\t\t\t\t<\/div>\n\t\t\t\t\t<\/div>\n\t\t<\/div>\n\t\t\t\t\t<\/div>\n\t\t<\/section>\n\t\t\t\t<section class=\"elementor-section elementor-top-section elementor-element elementor-element-ee1e1cd elementor-section-boxed elementor-section-height-default elementor-section-height-default\" data-id=\"ee1e1cd\" data-element_type=\"section\" data-e-type=\"section\">\n\t\t\t\t\t\t<div class=\"elementor-container elementor-column-gap-default\">\n\t\t\t\t\t<div class=\"elementor-column elementor-col-100 elementor-top-column elementor-element elementor-element-bc6848f\" data-id=\"bc6848f\" data-element_type=\"column\" data-e-type=\"column\">\n\t\t\t<div class=\"elementor-widget-wrap elementor-element-populated\">\n\t\t\t\t\t\t<div class=\"elementor-element elementor-element-5b4125f elementor-widget elementor-widget-text-editor\" data-id=\"5b4125f\" data-element_type=\"widget\" data-e-type=\"widget\" data-widget_type=\"text-editor.default\">\n\t\t\t\t<div class=\"elementor-widget-container\">\n\t\t\t\t\t\t\t\t\t<p>\u269c\ufe0f <strong>Ateliers Code des \u00c9motions<\/strong>: Au cours de ces s\u00e9ances, nous nous concentrons sur la lib\u00e9ration des \u00e9motions bloqu\u00e9es et non r\u00e9solues. Vous vous d\u00e9tendez simplement pendant que j'identifie les \u00e9motions sp\u00e9cifiques \u00e0 \u00e9liminer. Une fois identifi\u00e9es, vous initiez le processus de lib\u00e9ration par un simple mouvement \u00e0 l'aide de votre main ou d'un aimant. La s\u00e9ance se composera de plusieurs tours avec de courtes pauses entre les deux. Pour conclure, nous effectuerons un bref exercice EFT suivi d'une m\u00e9ditation con\u00e7ue sp\u00e9cifiquement pour le th\u00e8me de l'atelier, vous laissant une sensation de l\u00e9g\u00e8ret\u00e9 et d'alignement.<\/p><p>\u269c\ufe0f <strong>Ateliers EFT (Techniques de lib\u00e9ration \u00e9motionnelle)<\/strong>: Lors de nos ateliers EFT, nous utilisons des techniques de tapotement pour lib\u00e9rer les blocages \u00e9motionnels en accord avec le th\u00e8me sp\u00e9cifique de la s\u00e9ance. Nous r\u00e9citerons des affirmations tout en tapotant sur des points \u00e9nerg\u00e9tiques d\u00e9sign\u00e9s sur le corps, vous permettant de d\u00e9gager les voies \u00e9motionnelles et de renforcer les croyances positives.<\/p><p>\u269c\ufe0f <strong>Ateliers le Code Corporel<\/strong>: Ces ateliers sont uniques et dynamiques, sans th\u00e8me pr\u00e9d\u00e9fini. Nous abordons plut\u00f4t des probl\u00e9matiques sp\u00e9cifiques soulev\u00e9es par 2 ou 3 participants choisis dans le groupe. Nous les traiterons ensemble, en \u00e9liminant les d\u00e9s\u00e9quilibres \u00e9nerg\u00e9tiques qui pourraient survenir. M\u00eame si vous ne travaillez pas en direct, vous b\u00e9n\u00e9ficierez des lib\u00e9rations \u00e9nerg\u00e9tiques gr\u00e2ce au puissant effet spectateur. Ceux qui souhaitent travailler en direct seront s\u00e9lectionn\u00e9s au hasard.<\/p>\t\t\t\t\t\t\t\t<\/div>\n\t\t\t\t<\/div>\n\t\t\t\t\t<\/div>\n\t\t<\/div>\n\t\t\t\t\t<\/div>\n\t\t<\/section>\n\t\t\t\t<section class=\"elementor-section elementor-top-section elementor-element elementor-element-892276f elementor-section-boxed elementor-section-height-default elementor-section-height-default\" data-id=\"892276f\" data-element_type=\"section\" data-e-type=\"section\">\n\t\t\t\t\t\t<div class=\"elementor-container elementor-column-gap-default\">\n\t\t\t\t\t<div class=\"elementor-column elementor-col-100 elementor-top-column elementor-element elementor-element-1a277c1\" data-id=\"1a277c1\" data-element_type=\"column\" data-e-type=\"column\">\n\t\t\t<div class=\"elementor-widget-wrap elementor-element-populated\">\n\t\t\t\t\t\t<div class=\"elementor-element elementor-element-d46bc0d elementor-widget elementor-widget-text-editor\" data-id=\"d46bc0d\" data-element_type=\"widget\" data-e-type=\"widget\" data-widget_type=\"text-editor.default\">\n\t\t\t\t<div class=\"elementor-widget-container\">\n\t\t\t\t\t\t\t\t\t<p><strong>Pour participer \u00e0 l'atelier, vous aurez seulement besoin de :<\/strong><\/p><p>\u2611\ufe0f Un carnet et un stylo<br \/>\u2611\ufe0f Une bouteille d'eau ou une tasse de th\u00e9, selon votre pr\u00e9f\u00e9rence<br \/>\u2611\ufe0f Une bo\u00eete de mouchoirs<br \/>\u2611\ufe0f Un magnet frigo (pour les ateliers Body Code et Emotion Code)<\/p>\t\t\t\t\t\t\t\t<\/div>\n\t\t\t\t<\/div>\n\t\t\t\t\t<\/div>\n\t\t<\/div>\n\t\t\t\t\t<\/div>\n\t\t<\/section>\n\t\t\t\t<section class=\"elementor-section elementor-top-section elementor-element elementor-element-fe704aa elementor-section-boxed elementor-section-height-default elementor-section-height-default\" data-id=\"fe704aa\" data-element_type=\"section\" data-e-type=\"section\">\n\t\t\t\t\t\t<div class=\"elementor-container elementor-column-gap-default\">\n\t\t\t\t\t<div class=\"elementor-column elementor-col-66 elementor-top-column elementor-element elementor-element-ef9e96a\" data-id=\"ef9e96a\" data-element_type=\"column\" data-e-type=\"column\">\n\t\t\t<div class=\"elementor-widget-wrap elementor-element-populated\">\n\t\t\t\t\t\t<div class=\"elementor-element elementor-element-cdb64db elementor-widget elementor-widget-text-editor\" data-id=\"cdb64db\" data-element_type=\"widget\" data-e-type=\"widget\" data-widget_type=\"text-editor.default\">\n\t\t\t\t<div class=\"elementor-widget-container\">\n\t\t\t\t\t\t\t\t\t<p>Je suis Dorela Iepan, Coach Emotionnelle, <strong>Praticienne Certifi\u00e9e <a href=\"https:\/\/dorelaiepan.com\/belief-code\" target=\"_blank\" rel=\"noopener\">Le Code Des Croyances (The Belief Code)<\/a> &amp; <a href=\"https:\/\/dorelaiepan.com\/body-code\/\" target=\"_blank\" rel=\"noopener\">Le Code Corporel (The Body Code)<\/a> &amp; <a href=\"https:\/\/dorelaiepan.com\/emotion-code\/\" target=\"_blank\" rel=\"noopener\">Le Code Des Emotions (The Emotion Code)<\/a>, Praticienne Certifi\u00e9e <a href=\"https:\/\/dorelaiepan.com\/eft\/\" target=\"_blank\" rel=\"noopener\">EFT &amp; Matrix Reimprinting<\/a> ,<\/strong> et auteure du livre <strong>&#8220;<a href=\"https:\/\/dorelaiepan.com\/bestseller\/\" target=\"_blank\" rel=\"noopener\">La Relation Parfaite<\/a>\u201d<\/strong>.<\/p><p>Je rassemble tout ce que j'ai appris et mon exp\u00e9rience de plus de 1000 heures de s\u00e9ances de th\u00e9rapie et de gu\u00e9rison individuelles pour aider les gens \u00e0 transformer leur vie et leurs relations et \u00e0 vivre une vie d'harmonie, d'amour et de bonheur.<\/p><p>Si vous vous sentez en phase avec mon approche, je vous invite chaleureusement \u00e0 rejoindre mes ateliers de groupe, o\u00f9 nous lib\u00e9rerons les \u00e9motions bloqu\u00e9es, les croyances limitantes et les blocages qui vous freinent. Cela vous permettra de profiter de tout ce que la vie a \u00e0 offrir : le bonheur, l\u2019harmonie et l\u2019abondance.<\/p><p>Cochez l\u2019atelier auquel vous souhaitez participer <a href=\"https:\/\/dorelaiepan.com\/events\/\" target=\"_blank\" rel=\"noopener\">ici<\/a>\u00a0ou choisissez le forfait de 3 ou 6 ateliers pour un co\u00fbt plus avantageux. Apr\u00e8s avoir achet\u00e9 le forfait, vous pouvez s\u00e9lectionner les ateliers auxquels vous souhaitez participer dans les 6 ou 12 prochains mois.<\/p><p><strong>\u00c0 quand remonte la derni\u00e8re fois o\u00f9 vous vous \u00eates accord\u00e9 60 minutes rien que pour vous et votre bien-\u00eatre ?<\/strong><\/p>\t\t\t\t\t\t\t\t<\/div>\n\t\t\t\t<\/div>\n\t\t\t\t\t<\/div>\n\t\t<\/div>\n\t\t\t\t<div class=\"elementor-column elementor-col-33 elementor-top-column elementor-element elementor-element-1011e66\" data-id=\"1011e66\" data-element_type=\"column\" data-e-type=\"column\">\n\t\t\t<div class=\"elementor-widget-wrap elementor-element-populated\">\n\t\t\t\t\t\t<div class=\"elementor-element elementor-element-c9df0e2 elementor-widget elementor-widget-image\" data-id=\"c9df0e2\" data-element_type=\"widget\" data-e-type=\"widget\" data-widget_type=\"image.default\">\n\t\t\t\t<div class=\"elementor-widget-container\">\n\t\t\t\t\t\t\t\t\t\t\t\t\t\t\t<img decoding=\"async\" width=\"300\" height=\"300\" data-src=\"https:\/\/dorelaiepan.com\/wp-content\/uploads\/2023\/04\/Dorela-Iepan-300x300.png\" class=\"attachment-medium size-medium wp-image-3705 lazyload\" alt=\"dorelaiepan\" data-srcset=\"https:\/\/dorelaiepan.com\/wp-content\/uploads\/2023\/04\/Dorela-Iepan-300x300.png 300w, https:\/\/dorelaiepan.com\/wp-content\/uploads\/2023\/04\/Dorela-Iepan-150x150.png 150w, https:\/\/dorelaiepan.com\/wp-content\/uploads\/2023\/04\/Dorela-Iepan-100x100.png 100w, https:\/\/dorelaiepan.com\/wp-content\/uploads\/2023\/04\/Dorela-Iepan-470x470.png 470w, https:\/\/dorelaiepan.com\/wp-content\/uploads\/2023\/04\/Dorela-Iepan-12x12.png 12w, https:\/\/dorelaiepan.com\/wp-content\/uploads\/2023\/04\/Dorela-Iepan-75x75.png 75w, https:\/\/dorelaiepan.com\/wp-content\/uploads\/2023\/04\/Dorela-Iepan.png 591w\" data-sizes=\"(max-width: 300px) 100vw, 300px\" title=\"\" src=\"data:image\/svg+xml;base64,PHN2ZyB3aWR0aD0iMSIgaGVpZ2h0PSIxIiB4bWxucz0iaHR0cDovL3d3dy53My5vcmcvMjAwMC9zdmciPjwvc3ZnPg==\" style=\"--smush-placeholder-width: 300px; --smush-placeholder-aspect-ratio: 300\/300;\">\t\t\t\t\t\t\t\t\t\t\t\t\t\t\t<\/div>\n\t\t\t\t<\/div>\n\t\t\t\t\t<\/div>\n\t\t<\/div>\n\t\t\t\t\t<\/div>\n\t\t<\/section>\n\t\t\t\t<\/div>","protected":false},"excerpt":{"rendered":"<h2 style=\"text-align: center;\"><strong>Forfaits ateliers de lib\u00e9ration \u00e9motionnelle<\/strong><\/h2>\n<p style=\"text-align: center;\"><span style=\"font-weight: 400;\">Dur\u00e9e : 60 minutes<br \/>\n<\/span><span style=\"font-weight: 400;\">Format: <strong>en ligne<\/strong> (vous pouvez vous inscrire m\u00eame si vous ne pouvez pas assister en direct)<\/span><\/p>\n<p style=\"text-align: center;\">Ateliers de nettoyage \u00e9nerg\u00e9tique en groupe utilisant <span style=\"color: #fc1370;\"><a style=\"color: #fc1370;\" href=\"https:\/\/www.dorelaiepan.com\/fr\/body-code\/\" target=\"_blank\" rel=\"noopener\">Le Code Corporel (The Body Code)<\/a><\/span>, <span style=\"color: #fc1370;\"><a style=\"color: #fc1370;\" href=\"https:\/\/www.dorelaiepan.com\/emotion-code\/\" target=\"_blank\" rel=\"noopener\">Le Code Des Emotions (The Emotion Code)<\/a><\/span>, et <span style=\"color: #fc1370;\"><a style=\"color: #fc1370;\" href=\"https:\/\/www.dorelaiepan.com\/fr\/eft\/\" target=\"_blank\" rel=\"noopener\">EFT (Techniques de lib\u00e9ration \u00e9motionnelle)<\/a><\/span>.<\/p>\n<p style=\"text-align: center;\"><span style=\"color: #000000;\"><strong>D\u00e9couvrez les ateliers \u00e0 venir <span style=\"color: #fc1370;\"><a style=\"color: #fc1370;\" href=\"https:\/\/www.dorelaiepan.com\/fr\/events\/\">ici<\/a><\/span>: <a href=\"https:\/\/www.dorelaiepan.com\/fr\/events\/\" target=\"_blank\" rel=\"noopener\"><span style=\"color: #fc1370;\">https:\/\/www.dorelaiepan.com\/fr\/events\/<\/span><\/a><\/strong><\/span><\/p>\n<p>&nbsp;<\/p>\n<p style=\"text-align: center;\">Choisissez un forfait de 3 ou 6 ateliers et obtenez une r\u00e9duction, puis choisissez les ateliers auxquels vous souhaitez participer dans les 6 ou 12 prochains mois.<\/p>\n<p style=\"text-align: center;\">D\u00e9couvrez les ateliers \u00e0 venir :<\/p>\n<p style=\"text-align: center;\"><a href=\"https:\/\/dorelaiepan.com\/events\/\" target=\"_blank\" rel=\"noopener\"><span style=\"color: #fc1370;\">https:\/\/www.dorelaiepan.com\/fr\/events\/<\/span><\/a><\/p>\n<p style=\"text-align: center;\">Si vous pr\u00e9f\u00e9rez adh\u00e9rer pour avoir acc\u00e8s \u00e0 plus d'ateliers chaque mois, consultez les abonnements disponibles ici\u00a0:<\/p>\n<p><center><a href=\"https:\/\/dorelaiepan.com\/membership-account\/subscriptions\/\" target=\"_blank\" rel=\"noopener\">https:\/\/dorelaiepan.com\/fr\/subscriptions\/<\/a><\/center><\/p>","protected":false},"featured_media":7635,"comment_status":"open","ping_status":"closed","template":"","meta":{"pmpro_default_level":""},"product_brand":[],"product_cat":[128],"product_tag":[],"class_list":{"0":"post-7630","1":"product","2":"type-product","3":"status-publish","4":"has-post-thumbnail","6":"product_cat-workshops","7":"pmpro-has-access","9":"first","10":"instock","11":"purchasable","12":"product-type-variable","13":"has-default-attributes"},"jetpack_sharing_enabled":true,"_links":{"self":[{"href":"https:\/\/dorelaiepan.com\/fr\/wp-json\/wp\/v2\/product\/7630","targetHints":{"allow":["GET"]}}],"collection":[{"href":"https:\/\/dorelaiepan.com\/fr\/wp-json\/wp\/v2\/product"}],"about":[{"href":"https:\/\/dorelaiepan.com\/fr\/wp-json\/wp\/v2\/types\/product"}],"replies":[{"embeddable":true,"href":"https:\/\/dorelaiepan.com\/fr\/wp-json\/wp\/v2\/comments?post=7630"}],"version-history":[{"count":18,"href":"https:\/\/dorelaiepan.com\/fr\/wp-json\/wp\/v2\/product\/7630\/revisions"}],"predecessor-version":[{"id":9036,"href":"https:\/\/dorelaiepan.com\/fr\/wp-json\/wp\/v2\/product\/7630\/revisions\/9036"}],"wp:featuredmedia":[{"embeddable":true,"href":"https:\/\/dorelaiepan.com\/fr\/wp-json\/wp\/v2\/media\/7635"}],"wp:attachment":[{"href":"https:\/\/dorelaiepan.com\/fr\/wp-json\/wp\/v2\/media?parent=7630"}],"wp:term":[{"taxonomy":"product_brand","embeddable":true,"href":"https:\/\/dorelaiepan.com\/fr\/wp-json\/wp\/v2\/product_brand?post=7630"},{"taxonomy":"product_cat","embeddable":true,"href":"https:\/\/dorelaiepan.com\/fr\/wp-json\/wp\/v2\/product_cat?post=7630"},{"taxonomy":"product_tag","embeddable":true,"href":"https:\/\/dorelaiepan.com\/fr\/wp-json\/wp\/v2\/product_tag?post=7630"}],"curies":[{"name":"wp","href":"https:\/\/api.w.org\/{rel}","templated":true}]}}