{"id":2937,"date":"2023-02-08T16:35:50","date_gmt":"2023-02-08T14:35:50","guid":{"rendered":"https:\/\/dorelaiepan.com\/?post_type=product&#038;p=2937"},"modified":"2026-03-10T10:01:44","modified_gmt":"2026-03-10T09:01:44","slug":"meditation","status":"publish","type":"product","link":"https:\/\/dorelaiepan.com\/fr\/meditation\/","title":{"rendered":"S\u00e9ances de m\u00e9ditation guid\u00e9e apaisante"},"content":{"rendered":"<div data-elementor-type=\"product-post\" data-elementor-id=\"2937\" class=\"elementor elementor-2937\" data-elementor-post-type=\"product\">\n\t\t\t\t\t\t<section class=\"elementor-section elementor-top-section elementor-element elementor-element-bd30a86 elementor-section-boxed elementor-section-height-default elementor-section-height-default\" data-id=\"bd30a86\" data-element_type=\"section\" data-e-type=\"section\">\n\t\t\t\t\t\t<div class=\"elementor-container elementor-column-gap-default\">\n\t\t\t\t\t<div class=\"elementor-column elementor-col-33 elementor-top-column elementor-element elementor-element-e9231f8\" data-id=\"e9231f8\" data-element_type=\"column\" data-e-type=\"column\">\n\t\t\t<div class=\"elementor-widget-wrap elementor-element-populated\">\n\t\t\t\t\t\t<div class=\"elementor-element elementor-element-056906e elementor-widget__width-initial elementor-widget elementor-widget-image\" data-id=\"056906e\" data-element_type=\"widget\" data-e-type=\"widget\" data-widget_type=\"image.default\">\n\t\t\t\t<div class=\"elementor-widget-container\">\n\t\t\t\t\t\t\t\t\t\t\t\t\t\t\t<img fetchpriority=\"high\" decoding=\"async\" width=\"768\" height=\"942\" src=\"https:\/\/dorelaiepan.com\/wp-content\/uploads\/2023\/06\/chakras-meditation-spiritual-310119-768x942.png\" class=\"attachment-medium_large size-medium_large wp-image-2950\" alt=\"chakras, meditation, spiritual-310119.jpg\" srcset=\"https:\/\/dorelaiepan.com\/wp-content\/uploads\/2023\/06\/chakras-meditation-spiritual-310119-768x942.png 768w, https:\/\/dorelaiepan.com\/wp-content\/uploads\/2023\/06\/chakras-meditation-spiritual-310119-245x300.png 245w, https:\/\/dorelaiepan.com\/wp-content\/uploads\/2023\/06\/chakras-meditation-spiritual-310119-835x1024.png 835w, https:\/\/dorelaiepan.com\/wp-content\/uploads\/2023\/06\/chakras-meditation-spiritual-310119-10x12.png 10w, https:\/\/dorelaiepan.com\/wp-content\/uploads\/2023\/06\/chakras-meditation-spiritual-310119.png 1044w\" sizes=\"(max-width: 768px) 100vw, 768px\" title=\"\">\t\t\t\t\t\t\t\t\t\t\t\t\t\t\t<\/div>\n\t\t\t\t<\/div>\n\t\t\t\t\t<\/div>\n\t\t<\/div>\n\t\t\t\t<div class=\"elementor-column elementor-col-66 elementor-top-column elementor-element elementor-element-c4d3c09\" data-id=\"c4d3c09\" data-element_type=\"column\" data-e-type=\"column\">\n\t\t\t<div class=\"elementor-widget-wrap elementor-element-populated\">\n\t\t\t\t\t\t<div class=\"elementor-element elementor-element-3ade870 elementor-widget elementor-widget-text-editor\" data-id=\"3ade870\" data-element_type=\"widget\" data-e-type=\"widget\" data-widget_type=\"text-editor.default\">\n\t\t\t\t<div class=\"elementor-widget-container\">\n\t\t\t\t\t\t\t\t\t<h4 style=\"text-align: center;\"><b>S\u00e9ance de relaxation par m\u00e9ditation guid\u00e9e<\/b><\/h4><p>Duration: 45 minutes<br \/>Format : en ligne<\/p><p><u>Vous recevrez l'enregistrement de la m\u00e9ditation pour la rejouer autant de fois que vous le souhaitez par la suite.<\/u><\/p>\t\t\t\t\t\t\t\t<\/div>\n\t\t\t\t<\/div>\n\t\t\t\t\t<\/div>\n\t\t<\/div>\n\t\t\t\t\t<\/div>\n\t\t<\/section>\n\t\t\t\t<section class=\"elementor-section elementor-top-section elementor-element elementor-element-1071005 elementor-section-boxed elementor-section-height-default elementor-section-height-default\" data-id=\"1071005\" data-element_type=\"section\" data-e-type=\"section\">\n\t\t\t\t\t\t<div class=\"elementor-container elementor-column-gap-default\">\n\t\t\t\t\t<div class=\"elementor-column elementor-col-100 elementor-top-column elementor-element elementor-element-797ab6a\" data-id=\"797ab6a\" data-element_type=\"column\" data-e-type=\"column\">\n\t\t\t<div class=\"elementor-widget-wrap elementor-element-populated\">\n\t\t\t\t\t\t<div class=\"elementor-element elementor-element-9a1295e elementor-widget elementor-widget-text-editor\" data-id=\"9a1295e\" data-element_type=\"widget\" data-e-type=\"widget\" data-widget_type=\"text-editor.default\">\n\t\t\t\t<div class=\"elementor-widget-container\">\n\t\t\t\t\t\t\t\t\t<h4 style=\"text-align: center;\"><b>D\u00e9couvrez la paix int\u00e9rieure gr\u00e2ce \u00e0 la m\u00e9ditation guid\u00e9e personnalis\u00e9e<\/b><\/h4><p>Peut-\u00eatre avez-vous d\u00e9j\u00e0 essay\u00e9 la m\u00e9ditation, seul.e ou \u00e0 l'aide de fichiers audio qui vous aident \u00e0 rester concentr\u00e9.e sur l'objet de la m\u00e9ditation.<\/p><p><span style=\"font-style: inherit; font-weight: inherit; color: var(--ast-global-color-3);\">Si vous avez particip\u00e9 \u00e0 mes ateliers collectifs, vous avez remarqu\u00e9 que, quelle que soit la technique utilis\u00e9e, je termine tr\u00e8s souvent l'atelier par une m\u00e9ditation guid\u00e9e sur le sujet travaill\u00e9. Les m\u00e9ditations ont re\u00e7u d'\u00e9normes retours, et les participants me disent souvent que la m\u00e9ditation les a aid\u00e9s \u00e0 se d\u00e9tendre et \u00e0 tr\u00e8s bien int\u00e9grer les rel\u00e2chements experiment\u00e9s pendant l'atelier.<\/span><\/p><p><span style=\"font-style: inherit; font-weight: inherit; color: var(--ast-global-color-3);\">Nous savons tous \u00e0 quel point la vie quotidienne peut \u00eatre mouvement\u00e9e et stressante. Nous luttons contre la pression professionnelle, les responsabilit\u00e9s familiales et les exigences sociales.<\/span><\/p><p><span style=\"font-style: inherit; font-weight: inherit; color: var(--ast-global-color-3);\">Dans de tels moments, il est essentiel de trouver du temps pour soi, de se reconnecter \u00e0 son essence et de recharger ses batteries int\u00e9rieures.<\/span><\/p><p>La m\u00e9ditation est un outil puissant qui peut nous aider dans ce voyage.<\/p><p>Guided Calming Meditation sessions last 45 minutes and are tailored to the needs and preferences of each individual client. Whether you are a beginner or an experienced meditator, I will gently guide you into a state of deep relaxation and awareness.<\/p><p>La s\u00e9ance se compose de techniques et de th\u00e9rapies de relaxation, de m\u00e9ditation guid\u00e9e et de conversations exploratoires, qui aident \u00e0 surmonter des situations sp\u00e9cifiques, telles que l'impasse, le manque de clart\u00e9 ou l'\u00e9limination des blocages.<\/p><p>Chaque s\u00e9ance comprend des techniques de respiration, de visualisation et de conseils verbaux. Vous vous d\u00e9tendez et vous abandonnez au moment pr\u00e9sent, et je vous guide vers un \u00e9tat de calme et de paix int\u00e9rieure, vers l'exploration de vos propres pens\u00e9es et \u00e9motions, vous aidant \u00e0 les remarquer et \u00e0 les accepter en douceur.<\/p><h4 style=\"text-align: center;\"><b>Les bienfaits de la m\u00e9ditation guid\u00e9e sont multiples<\/b><\/h4><p style=\"font-size: 16px; font-style: normal; font-weight: 400;\"><span style=\"font-style: inherit; font-weight: inherit; color: var(--ast-global-color-3);\">Voici quelques-uns d'entre eux:<\/span><\/p><ul><li><span style=\"font-style: inherit; font-weight: inherit; color: var(--ast-global-color-3);\">R\u00e9duire le stress et l'anxi\u00e9t\u00e9<\/span><\/li><li>Am\u00e9liorer le bien-\u00eatre g\u00e9n\u00e9ral<\/li><li>Augmentation de la capacit\u00e9 de concentration et de la clart\u00e9 mentale<\/li><li>Augmenter la confiance en soi<\/li><li>D\u00e9velopper une vision plus positive de la vie<\/li><\/ul><p>Je vous encourage \u00e0 faire une pause dans l'agitation de la vie et \u00e0 vous donner le temps et l'espace n\u00e9cessaires pour vous ressourcer et vous reconnecter avec vous-m\u00eame.<\/p><p>Une s\u00e9ance de m\u00e9ditation guid\u00e9e peut \u00eatre un cadeau inestimable \u00e0 vous offrir. Commencez le voyage vers la paix int\u00e9rieure avec une s\u00e9ance de m\u00e9ditation guid\u00e9e.<\/p><p>La m\u00e9ditation reste enregistr\u00e9e et vous pouvez la reprendre chaque fois que vous ressentez le besoin de vous reconnecter \u00e0 l'\u00e9tat de bien-\u00eatre, de paix et de concentration que vous \u00e9prouvez.<\/p>\t\t\t\t\t\t\t\t<\/div>\n\t\t\t\t<\/div>\n\t\t\t\t\t<\/div>\n\t\t<\/div>\n\t\t\t\t\t<\/div>\n\t\t<\/section>\n\t\t\t\t<section class=\"elementor-section elementor-top-section elementor-element elementor-element-9d9bb39 elementor-section-boxed elementor-section-height-default elementor-section-height-default\" data-id=\"9d9bb39\" data-element_type=\"section\" data-e-type=\"section\">\n\t\t\t\t\t\t<div class=\"elementor-container elementor-column-gap-default\">\n\t\t\t\t\t<div class=\"elementor-column elementor-col-66 elementor-top-column elementor-element elementor-element-32a4acb\" data-id=\"32a4acb\" data-element_type=\"column\" data-e-type=\"column\">\n\t\t\t<div class=\"elementor-widget-wrap elementor-element-populated\">\n\t\t\t\t\t\t<div class=\"elementor-element elementor-element-3ddbcf2 elementor-widget elementor-widget-text-editor\" data-id=\"3ddbcf2\" data-element_type=\"widget\" data-e-type=\"widget\" data-widget_type=\"text-editor.default\">\n\t\t\t\t<div class=\"elementor-widget-container\">\n\t\t\t\t\t\t\t\t\t<p>Je suis Dorela Iepan, Coach Emotionnelle, <strong>Praticienne Certifi\u00e9e <a href=\"https:\/\/dorelaiepan.com\/belief-code\/\">Le Code Des Croyances (The Belief Code)<\/a> &amp; <a href=\"https:\/\/dorelaiepan.com\/body-code\/\">Le Code Corporel (The Body Code)<\/a> &amp; <a href=\"https:\/\/dorelaiepan.com\/emotion-code\/\">Le Code Des Emotions (The Emotion Code)<\/a>, Praticienne Certifi\u00e9e <a href=\"https:\/\/dorelaiepan.com\/eft\/\">EFT &amp; Matrix Reimprtinting<\/a> ,<\/strong> et auteure du livre <strong>&#8220;<a href=\"https:\/\/dorelaiepan.com\/book\/\">La Relation Parfaite<\/a>\u201d<\/strong>.<\/p><p>Je rassemble tout ce que j'ai appris et mon exp\u00e9rience de plus de 1000 heures de s\u00e9ances de th\u00e9rapie et de gu\u00e9rison individuelles pour aider les gens \u00e0 transformer leur vie et leurs relations et \u00e0 vivre une vie d'harmonie, d'amour et de bonheur.<\/p><p>Si vous vous sentez en r\u00e9sonance avec moi, j'ai h\u00e2te de travailler avec vous.<\/p>\t\t\t\t\t\t\t\t<\/div>\n\t\t\t\t<\/div>\n\t\t\t\t\t<\/div>\n\t\t<\/div>\n\t\t\t\t<div class=\"elementor-column elementor-col-33 elementor-top-column elementor-element elementor-element-c6d1279\" data-id=\"c6d1279\" data-element_type=\"column\" data-e-type=\"column\">\n\t\t\t<div class=\"elementor-widget-wrap elementor-element-populated\">\n\t\t\t\t\t\t<div class=\"elementor-element elementor-element-5e18b54 elementor-widget elementor-widget-image\" data-id=\"5e18b54\" data-element_type=\"widget\" data-e-type=\"widget\" data-widget_type=\"image.default\">\n\t\t\t\t<div class=\"elementor-widget-container\">\n\t\t\t\t\t\t\t\t\t\t\t\t\t\t\t<img decoding=\"async\" width=\"300\" height=\"300\" data-src=\"https:\/\/dorelaiepan.com\/wp-content\/uploads\/2023\/04\/Dorela-Iepan-300x300.png\" class=\"attachment-medium size-medium wp-image-3705 lazyload\" alt=\"dorelaiepan\" data-srcset=\"https:\/\/dorelaiepan.com\/wp-content\/uploads\/2023\/04\/Dorela-Iepan-300x300.png 300w, https:\/\/dorelaiepan.com\/wp-content\/uploads\/2023\/04\/Dorela-Iepan-150x150.png 150w, https:\/\/dorelaiepan.com\/wp-content\/uploads\/2023\/04\/Dorela-Iepan-100x100.png 100w, https:\/\/dorelaiepan.com\/wp-content\/uploads\/2023\/04\/Dorela-Iepan-470x470.png 470w, https:\/\/dorelaiepan.com\/wp-content\/uploads\/2023\/04\/Dorela-Iepan-12x12.png 12w, https:\/\/dorelaiepan.com\/wp-content\/uploads\/2023\/04\/Dorela-Iepan-75x75.png 75w, https:\/\/dorelaiepan.com\/wp-content\/uploads\/2023\/04\/Dorela-Iepan.png 591w\" data-sizes=\"(max-width: 300px) 100vw, 300px\" title=\"\" src=\"data:image\/svg+xml;base64,PHN2ZyB3aWR0aD0iMSIgaGVpZ2h0PSIxIiB4bWxucz0iaHR0cDovL3d3dy53My5vcmcvMjAwMC9zdmciPjwvc3ZnPg==\" style=\"--smush-placeholder-width: 300px; --smush-placeholder-aspect-ratio: 300\/300;\">\t\t\t\t\t\t\t\t\t\t\t\t\t\t\t<\/div>\n\t\t\t\t<\/div>\n\t\t\t\t\t<\/div>\n\t\t<\/div>\n\t\t\t\t\t<\/div>\n\t\t<\/section>\n\t\t\t\t<section class=\"elementor-section elementor-top-section elementor-element elementor-element-7488782 elementor-section-boxed elementor-section-height-default elementor-section-height-default\" data-id=\"7488782\" data-element_type=\"section\" data-e-type=\"section\">\n\t\t\t\t\t\t<div class=\"elementor-container elementor-column-gap-default\">\n\t\t\t\t\t<div class=\"elementor-column elementor-col-100 elementor-top-column elementor-element elementor-element-af82d31\" data-id=\"af82d31\" data-element_type=\"column\" data-e-type=\"column\">\n\t\t\t<div class=\"elementor-widget-wrap elementor-element-populated\">\n\t\t\t\t\t\t<div class=\"elementor-element elementor-element-905b649 elementor-widget elementor-widget-menu-anchor\" data-id=\"905b649\" data-element_type=\"widget\" data-e-type=\"widget\" data-widget_type=\"menu-anchor.default\">\n\t\t\t\t<div class=\"elementor-widget-container\">\n\t\t\t\t\t\t\t<div class=\"elementor-menu-anchor\" id=\"meditation\"><\/div>\n\t\t\t\t\t\t<\/div>\n\t\t\t\t<\/div>\n\t\t\t\t<div class=\"elementor-element elementor-element-b07e72c elementor-widget elementor-widget-text-editor\" data-id=\"b07e72c\" data-element_type=\"widget\" data-e-type=\"widget\" data-widget_type=\"text-editor.default\">\n\t\t\t\t<div class=\"elementor-widget-container\">\n\t\t\t\t\t\t\t\t\t<p>Apr\u00e8s avoir effectu\u00e9 le paiement, programmez la s\u00e9ance <a href=\"https:\/\/dorelaiepan.ace.page\/meet\/meditation-session\" target=\"_blank\" rel=\"noopener\"><strong>ici<\/strong><\/a>.<\/p>\t\t\t\t\t\t\t\t<\/div>\n\t\t\t\t<\/div>\n\t\t\t\t<div class=\"elementor-element elementor-element-f90427c elementor-widget elementor-widget-global elementor-global-8279 elementor-widget-text-editor\" data-id=\"f90427c\" data-element_type=\"widget\" data-e-type=\"widget\" data-widget_type=\"text-editor.default\">\n\t\t\t\t<div class=\"elementor-widget-container\">\n\t\t\t\t\t\t\t\t\t<p><strong>Politique d'annulation des s\u00e9ances<\/strong><\/p><p>Pour respecter le temps de chacun et garantir une organisation efficace, merci de prendre en compte les points suivants :<\/p><ul><li>Toutes les s\u00e9ances qui ne sont pas annul\u00e9es au moins <strong>48 heures<\/strong> avant l'heure pr\u00e9vue seront consid\u00e9r\u00e9es comme utilis\u00e9es.<\/li><li>Pour les s\u00e9ances annul\u00e9es avec un pr\u00e9avis de moins de 48 heures, je r\u00e9aliserai une s\u00e9ance \u00e0 distance en utilisant la m\u00e9thode du <strong>Code des \u00c9motions<\/strong>. Apr\u00e8s la s\u00e9ance, je te fournirai des d\u00e9tails sur le processus et les r\u00e9sultats obtenus.<\/li><\/ul><p>Cette politique est n\u00e9cessaire en raison d\u2019un agenda tr\u00e8s charg\u00e9. Les annulations de derni\u00e8re minute ne permettent pas \u00e0 d'autres clients de b\u00e9n\u00e9ficier de ce cr\u00e9neau pour travailler avec moi. Merci pour ta compr\u00e9hension et ta collaboration !<\/p>\t\t\t\t\t\t\t\t<\/div>\n\t\t\t\t<\/div>\n\t\t\t\t<div class=\"elementor-element elementor-element-7d5d676 elementor-widget elementor-widget-text-editor\" data-id=\"7d5d676\" data-element_type=\"widget\" data-e-type=\"widget\" data-widget_type=\"text-editor.default\">\n\t\t\t\t<div class=\"elementor-widget-container\">\n\t\t\t\t\t\t\t\t\t<p class=\" translation-block\">Book your session <a href=\"https:\/\/dorelaiepan.ace.page\/meet\/heal-session\" target=\"_blank\" rel=\"noopener\">here<\/a>.<\/p><p>Programez sesiunea mea <a href=\"https:\/\/dorelaiepan.ace.page\/meet\/meditatie\" target=\"_blank\" rel=\"noopener\">aici<\/a>.<\/p>\t\t\t\t\t\t\t\t<\/div>\n\t\t\t\t<\/div>\n\t\t\t\t<div class=\"elementor-element elementor-element-4e95136 elementor-align-center elementor-widget elementor-widget-button\" data-id=\"4e95136\" data-element_type=\"widget\" data-e-type=\"widget\" data-widget_type=\"button.default\">\n\t\t\t\t<div class=\"elementor-widget-container\">\n\t\t\t\t\t\t\t\t\t<div class=\"elementor-button-wrapper\">\n\t\t\t\t\t<a class=\"elementor-button elementor-button-link elementor-size-sm\" href=\"https:\/\/dorelaiepan.ace.page\/meet\/meditation-session\" target=\"_blank\" rel=\"noopener\">\n\t\t\t\t\t\t<span class=\"elementor-button-content-wrapper\">\n\t\t\t\t\t\t\t\t\t<span class=\"elementor-button-text\">Book the session<\/span>\n\t\t\t\t\t<\/span>\n\t\t\t\t\t<\/a>\n\t\t\t\t<\/div>\n\t\t\t\t\t\t\t\t<\/div>\n\t\t\t\t<\/div>\n\t\t\t\t<div class=\"elementor-element elementor-element-643c8e8 elementor-align-center elementor-widget elementor-widget-button\" data-id=\"643c8e8\" data-element_type=\"widget\" data-e-type=\"widget\" data-widget_type=\"button.default\">\n\t\t\t\t<div class=\"elementor-widget-container\">\n\t\t\t\t\t\t\t\t\t<div class=\"elementor-button-wrapper\">\n\t\t\t\t\t<a class=\"elementor-button elementor-button-link elementor-size-sm\" href=\"https:\/\/dorelaiepan.ace.page\/meet\/meditation-fr\" target=\"_blank\" rel=\"noopener\">\n\t\t\t\t\t\t<span class=\"elementor-button-content-wrapper\">\n\t\t\t\t\t\t\t\t\t<span class=\"elementor-button-text\">R\u00e9server votre s\u00e9ance<\/span>\n\t\t\t\t\t<\/span>\n\t\t\t\t\t<\/a>\n\t\t\t\t<\/div>\n\t\t\t\t\t\t\t\t<\/div>\n\t\t\t\t<\/div>\n\t\t\t\t<div class=\"elementor-element elementor-element-c2de7bd elementor-align-center elementor-widget elementor-widget-button\" data-id=\"c2de7bd\" data-element_type=\"widget\" data-e-type=\"widget\" data-widget_type=\"button.default\">\n\t\t\t\t<div class=\"elementor-widget-container\">\n\t\t\t\t\t\t\t\t\t<div class=\"elementor-button-wrapper\">\n\t\t\t\t\t<a class=\"elementor-button elementor-button-link elementor-size-sm\" href=\"https:\/\/dorelaiepan.ace.page\/meet\/meditatie\" target=\"_blank\" rel=\"noopener\">\n\t\t\t\t\t\t<span class=\"elementor-button-content-wrapper\">\n\t\t\t\t\t\t\t\t\t<span class=\"elementor-button-text\">M\u0103 programez<\/span>\n\t\t\t\t\t<\/span>\n\t\t\t\t\t<\/a>\n\t\t\t\t<\/div>\n\t\t\t\t\t\t\t\t<\/div>\n\t\t\t\t<\/div>\n\t\t\t\t<div class=\"elementor-element elementor-element-9e8a6ea elementor-widget elementor-widget-html\" data-id=\"9e8a6ea\" data-element_type=\"widget\" data-e-type=\"widget\" data-no-translation=\"\" data-widget_type=\"html.default\">\n\t\t\t\t<div class=\"elementor-widget-container\">\n\t\t\t\t\t<style>.elementor-element-9e8a6ea{display:none !important}<\/style>\t\t\t\t<\/div>\n\t\t\t\t<\/div>\n\t\t\t\t<div class=\"elementor-element elementor-element-963118e elementor-widget elementor-widget-html\" data-id=\"963118e\" data-element_type=\"widget\" data-e-type=\"widget\" data-no-translation=\"\" data-widget_type=\"html.default\">\n\t\t\t\t<div class=\"elementor-widget-container\">\n\t\t\t\t\t<!-- \u00cencepe widgetul ACE Meetings -->\r\n      <ace-calendar meeting-link=\"meditation-fr\" subdomain=\"dorelaiepan\" wsuuid=\"facc2ebc-bd0f-4b7e-9277-3afa991595ef\">\r\n      <div id=\"pyes\" slot=\"pyes-c\"><\/div><div id=\"pyepp\" slot=\"pyepp-c\"><\/div>\r\n      <\/ace-calendar>\r\n      <script type=\"module\" src=\"https:\/\/app.useace.com\/widget\/main.js\"><\/script>\r\n      <!-- Sf\u00e2r\u0219itul widgetului ACE Meetings -->\t\t\t\t<\/div>\n\t\t\t\t<\/div>\n\t\t\t\t\t<\/div>\n\t\t<\/div>\n\t\t\t\t\t<\/div>\n\t\t<\/section>\n\t\t\t\t<\/div>","protected":false},"excerpt":{"rendered":"<p><b>S\u00e9ances de m\u00e9ditation guid\u00e9e apaisante<\/b><\/p>\n<p>A 45-minute session where you will experience relaxation and meditation techniques to balance your body and mind.<\/p>\n<p class=\" translation-block\">Apr\u00e8s avoir effectu\u00e9 le paiement, programmez la s\u00e9ance ici sur <a href=\"#meditation\" target=\"_self\">Mon agenda<\/a>.<\/p>","protected":false},"featured_media":3401,"comment_status":"open","ping_status":"closed","template":"","meta":{"pmpro_default_level":""},"product_brand":[],"product_cat":[124],"product_tag":[],"class_list":{"0":"post-2937","1":"product","2":"type-product","3":"status-publish","4":"has-post-thumbnail","6":"product_cat-individual","7":"pmpro-has-access","9":"first","10":"instock","11":"virtual","12":"sold-individually","13":"purchasable","14":"product-type-simple"},"jetpack_sharing_enabled":true,"_links":{"self":[{"href":"https:\/\/dorelaiepan.com\/fr\/wp-json\/wp\/v2\/product\/2937","targetHints":{"allow":["GET"]}}],"collection":[{"href":"https:\/\/dorelaiepan.com\/fr\/wp-json\/wp\/v2\/product"}],"about":[{"href":"https:\/\/dorelaiepan.com\/fr\/wp-json\/wp\/v2\/types\/product"}],"replies":[{"embeddable":true,"href":"https:\/\/dorelaiepan.com\/fr\/wp-json\/wp\/v2\/comments?post=2937"}],"version-history":[{"count":48,"href":"https:\/\/dorelaiepan.com\/fr\/wp-json\/wp\/v2\/product\/2937\/revisions"}],"predecessor-version":[{"id":9271,"href":"https:\/\/dorelaiepan.com\/fr\/wp-json\/wp\/v2\/product\/2937\/revisions\/9271"}],"wp:featuredmedia":[{"embeddable":true,"href":"https:\/\/dorelaiepan.com\/fr\/wp-json\/wp\/v2\/media\/3401"}],"wp:attachment":[{"href":"https:\/\/dorelaiepan.com\/fr\/wp-json\/wp\/v2\/media?parent=2937"}],"wp:term":[{"taxonomy":"product_brand","embeddable":true,"href":"https:\/\/dorelaiepan.com\/fr\/wp-json\/wp\/v2\/product_brand?post=2937"},{"taxonomy":"product_cat","embeddable":true,"href":"https:\/\/dorelaiepan.com\/fr\/wp-json\/wp\/v2\/product_cat?post=2937"},{"taxonomy":"product_tag","embeddable":true,"href":"https:\/\/dorelaiepan.com\/fr\/wp-json\/wp\/v2\/product_tag?post=2937"}],"curies":[{"name":"wp","href":"https:\/\/api.w.org\/{rel}","templated":true}]}}