{"id":2582,"date":"2023-10-13T18:45:31","date_gmt":"2023-10-13T15:45:31","guid":{"rendered":"https:\/\/dorelaiepan.com\/?post_type=product&#038;p=2582"},"modified":"2026-03-10T10:01:03","modified_gmt":"2026-03-10T09:01:03","slug":"eft","status":"publish","type":"product","link":"https:\/\/dorelaiepan.com\/fr\/eft\/","title":{"rendered":"S\u00e9ances de therapie EFT &amp; Matrix Reimprinting"},"content":{"rendered":"<div data-elementor-type=\"product-post\" data-elementor-id=\"2582\" class=\"elementor elementor-2582\" data-elementor-post-type=\"product\">\n\t\t\t\t\t\t<section class=\"elementor-section elementor-top-section elementor-element elementor-element-bd30a86 elementor-section-boxed elementor-section-height-default elementor-section-height-default\" data-id=\"bd30a86\" data-element_type=\"section\" data-e-type=\"section\">\n\t\t\t\t\t\t<div class=\"elementor-container elementor-column-gap-default\">\n\t\t\t\t\t<div class=\"elementor-column elementor-col-33 elementor-top-column elementor-element elementor-element-e9231f8\" data-id=\"e9231f8\" data-element_type=\"column\" data-e-type=\"column\">\n\t\t\t<div class=\"elementor-widget-wrap elementor-element-populated\">\n\t\t\t\t\t\t<div class=\"elementor-element elementor-element-056906e elementor-widget__width-initial elementor-widget elementor-widget-image\" data-id=\"056906e\" data-element_type=\"widget\" data-e-type=\"widget\" data-widget_type=\"image.default\">\n\t\t\t\t<div class=\"elementor-widget-container\">\n\t\t\t\t\t\t\t\t\t\t\t\t\t\t\t<img fetchpriority=\"high\" decoding=\"async\" width=\"768\" height=\"1143\" src=\"https:\/\/dorelaiepan.com\/wp-content\/uploads\/2023\/06\/rainbow-hearts-butterflies-1236874-768x1143.png\" class=\"attachment-medium_large size-medium_large wp-image-2920\" alt=\"rainbow, hearts, butterflies-1236874.jpg\" srcset=\"https:\/\/dorelaiepan.com\/wp-content\/uploads\/2023\/06\/rainbow-hearts-butterflies-1236874-768x1143.png 768w, https:\/\/dorelaiepan.com\/wp-content\/uploads\/2023\/06\/rainbow-hearts-butterflies-1236874-202x300.png 202w, https:\/\/dorelaiepan.com\/wp-content\/uploads\/2023\/06\/rainbow-hearts-butterflies-1236874-688x1024.png 688w, https:\/\/dorelaiepan.com\/wp-content\/uploads\/2023\/06\/rainbow-hearts-butterflies-1236874-8x12.png 8w, https:\/\/dorelaiepan.com\/wp-content\/uploads\/2023\/06\/rainbow-hearts-butterflies-1236874.png 860w\" sizes=\"(max-width: 768px) 100vw, 768px\" title=\"\">\t\t\t\t\t\t\t\t\t\t\t\t\t\t\t<\/div>\n\t\t\t\t<\/div>\n\t\t\t\t\t<\/div>\n\t\t<\/div>\n\t\t\t\t<div class=\"elementor-column elementor-col-66 elementor-top-column elementor-element elementor-element-c4d3c09\" data-id=\"c4d3c09\" data-element_type=\"column\" data-e-type=\"column\">\n\t\t\t<div class=\"elementor-widget-wrap elementor-element-populated\">\n\t\t\t\t\t\t<div class=\"elementor-element elementor-element-3ade870 elementor-widget elementor-widget-text-editor\" data-id=\"3ade870\" data-element_type=\"widget\" data-e-type=\"widget\" data-widget_type=\"text-editor.default\">\n\t\t\t\t<div class=\"elementor-widget-container\">\n\t\t\t\t\t\t\t\t\t<h4 style=\"text-align: center;\"><strong>EFT &amp; Matrix Reimprinting Therapy Session<\/strong><\/h4><p>Dur\u00e9e : 60 minutes<br \/>Format : en ligne<\/p><h4 style=\"text-align: center;\"><strong>Qu'est-ce que l'EFT (techniques de lib\u00e9ration \u00e9motionnelle) ?<\/strong><\/h4><p>L'EFT est une technique de gestion des \u00e9motions qui consiste \u00e0 stimuler des points d'acupuncture sur le corps pour lib\u00e9rer les tensions \u00e9motionnelles.<\/p><p>C'est une belle combinaison d'acupuncture et de psychologie moderne. \u00c7a fonctionne avec le syst\u00e8me \u00e9nerg\u00e9tique du corps, mais sans utiliser d'aiguilles, uniquement par de l\u00e9gers tapotements. En m\u00eame temps, la verbalisation des probl\u00e8mes ou des d\u00e9fis est utilis\u00e9e, avec une attention aux \u00e9motions.<\/p><p>Le but de l'EFT est d'\u00e9liminer les tensions et les \u00e9motions n\u00e9gatives concernant la situation que nous souhaitons r\u00e9soudre, conduisant \u00e0 un \u00e9quilibre du syst\u00e8me \u00e9nerg\u00e9tique.<\/p>\t\t\t\t\t\t\t\t<\/div>\n\t\t\t\t<\/div>\n\t\t\t\t\t<\/div>\n\t\t<\/div>\n\t\t\t\t\t<\/div>\n\t\t<\/section>\n\t\t\t\t<section class=\"elementor-section elementor-top-section elementor-element elementor-element-1071005 elementor-section-boxed elementor-section-height-default elementor-section-height-default\" data-id=\"1071005\" data-element_type=\"section\" data-e-type=\"section\">\n\t\t\t\t\t\t<div class=\"elementor-container elementor-column-gap-default\">\n\t\t\t\t\t<div class=\"elementor-column elementor-col-100 elementor-top-column elementor-element elementor-element-797ab6a\" data-id=\"797ab6a\" data-element_type=\"column\" data-e-type=\"column\">\n\t\t\t<div class=\"elementor-widget-wrap elementor-element-populated\">\n\t\t\t\t\t\t<div class=\"elementor-element elementor-element-9a1295e elementor-widget elementor-widget-text-editor\" data-id=\"9a1295e\" data-element_type=\"widget\" data-e-type=\"widget\" data-widget_type=\"text-editor.default\">\n\t\t\t\t<div class=\"elementor-widget-container\">\n\t\t\t\t\t\t\t\t\t<h4 style=\"text-align: center;\"><strong>Dans quelles situations l'EFT peut-elle aider ?<\/strong><\/h4><p>L'EFT a de multiples avantages prouv\u00e9s\u00a0:<\/p><ul><li>R\u00e9duire le stress et l'anxi\u00e9t\u00e9<\/li><li>\u00c9limination de la douleur physique<\/li><li>Am\u00e9liorer l'humeur<\/li><li>Se lib\u00e9rer des traumatismes pass\u00e9s<\/li><li>Am\u00e9liorer le sommeil<\/li><\/ul><p>En plus de tout cela, l'EFT peut \u00eatre utilis\u00e9 avec succ\u00e8s pour surmonter des croyances limitantes ou r\u00e9soudre des blocages.<\/p><p>En ce qui concerne les relations, nous pouvons travailler sur les croyances limitantes qui nous emp\u00eachent d'avoir la relation dont nous r\u00eavons, sur la douleur \u00e9motionnelle de nos relations actuelles ou pass\u00e9es, sur la r\u00e9duction du stress des situations relationnelles d\u00e9sagr\u00e9ables ou sur les sentiments de solitude et d'isolement que nous pouvons resentir<span style=\"font-size: 16px;\">.<\/span><\/p><h4 style=\"text-align: center;\"><strong>Comment se d\u00e9roule une s\u00e9ance de th\u00e9rapie EFT ?<\/strong><\/h4><p>Nous nous sommes concentr\u00e9s sur l'EFT ici, mais dans ces s\u00e9ances de th\u00e9rapie de 60 minutes, nous travaillons avec plusieurs techniques et m\u00e9thodes, en fonction de vos besoins.<\/p><p>Working with EFT &amp; Matrix Reimprinting requires more time in a session (compared to The Body Code or\u00a0 The Emotion Code), which is why we can only use EFT for your maximum benefit in one-hour sessions.<\/p><p>In reality, starting from the situation you want to solve, your preferences, but also depending on what comes to the surface during the session, we will work with EFT, Matrix Reimprinting, The Emotion Code,\u00a0 The Body Code, as well as other techniques, combining their benefits, to get the desired results, as quickly as possible.<\/p><p>Sometimes we work only with EFT &amp; Matrixt Reimprinting, other times we start with releasing emotions from the Heart Wall, continue with EFT and finish with The Body Code, as it can help us decipher the body&#8217;s messages and balance what is most important at that moment.<\/p>\t\t\t\t\t\t\t\t<\/div>\n\t\t\t\t<\/div>\n\t\t\t\t\t<\/div>\n\t\t<\/div>\n\t\t\t\t\t<\/div>\n\t\t<\/section>\n\t\t\t\t<section class=\"elementor-section elementor-top-section elementor-element elementor-element-5429ead elementor-section-boxed elementor-section-height-default elementor-section-height-default\" data-id=\"5429ead\" data-element_type=\"section\" data-e-type=\"section\">\n\t\t\t\t\t\t<div class=\"elementor-container elementor-column-gap-default\">\n\t\t\t\t\t<div class=\"elementor-column elementor-col-100 elementor-top-column elementor-element elementor-element-06a97c6\" data-id=\"06a97c6\" data-element_type=\"column\" data-e-type=\"column\">\n\t\t\t<div class=\"elementor-widget-wrap elementor-element-populated\">\n\t\t\t\t\t\t<div class=\"elementor-element elementor-element-747b8c4 elementor-widget elementor-widget-text-editor\" data-id=\"747b8c4\" data-element_type=\"widget\" data-e-type=\"widget\" data-widget_type=\"text-editor.default\">\n\t\t\t\t<div class=\"elementor-widget-container\">\n\t\t\t\t\t\t\t\t\t<h4 style=\"text-align: center;\"><strong>De combien de s\u00e9ances ai-je besoin et \u00e0 quelle fr\u00e9quence devons-nous nous voir ?<\/strong><\/h4><p>Selon la situation sur laquelle vous souhaitez travailler et sa gravit\u00e9, le nombre de s\u00e9ances peut \u00eatre diff\u00e9rent. Je recommande un minimum de 3 s\u00e9ances pour pouvoir travailler en profondeur.<\/p><p>La fr\u00e9quence recommand\u00e9e des s\u00e9ances est de 1 par semaine, mais pas plus de 2 par semaine. Si vous ressentez le besoin de laisser plus d'espace entre les s\u00e9ances, on peut \u00e9galement se voir toutes les 2 semaines ou une fois par mois.<\/p><p>Ce qu'il est important de savoir, c'est que les changements se font sentir imm\u00e9diatement, d\u00e8s la premi\u00e8re s\u00e9ance. M\u00eame si vous n'avez pas r\u00e9solu le probl\u00e8me sur lequel vous voulez travailler d\u00e8s la premi\u00e8re s\u00e9ance, il y aura des diff\u00e9rences dans la fa\u00e7on dont vous vous sentez, \u00e0 la fois physiquement et \u00e9motionnellement.<\/p><p><strong>Vous pouvez acheter une s\u00e9ance (60 minutes) ou un forfait contenant 3 ou 5 s\u00e9ances (60 minutes).<\/strong><\/p><p><strong>Si c'est la premi\u00e8re fois que vous travaillez avec moi, choisissez la premi\u00e8re s\u00e9ance avec le prix sp\u00e9cial.<\/strong><\/p>\t\t\t\t\t\t\t\t<\/div>\n\t\t\t\t<\/div>\n\t\t\t\t\t<\/div>\n\t\t<\/div>\n\t\t\t\t\t<\/div>\n\t\t<\/section>\n\t\t\t\t<section class=\"elementor-section elementor-top-section elementor-element elementor-element-92430f5 elementor-section-boxed elementor-section-height-default elementor-section-height-default\" data-id=\"92430f5\" data-element_type=\"section\" data-e-type=\"section\">\n\t\t\t\t\t\t<div class=\"elementor-container elementor-column-gap-default\">\n\t\t\t\t\t<div class=\"elementor-column elementor-col-66 elementor-top-column elementor-element elementor-element-7ef765e\" data-id=\"7ef765e\" data-element_type=\"column\" data-e-type=\"column\">\n\t\t\t<div class=\"elementor-widget-wrap elementor-element-populated\">\n\t\t\t\t\t\t<div class=\"elementor-element elementor-element-a63ac09 elementor-widget elementor-widget-text-editor\" data-id=\"a63ac09\" data-element_type=\"widget\" data-e-type=\"widget\" data-widget_type=\"text-editor.default\">\n\t\t\t\t<div class=\"elementor-widget-container\">\n\t\t\t\t\t\t\t\t\t<p>Je suis Dorela Iepan, Coach Emotionnelle, <strong>Praticienne Certifi\u00e9e <a href=\"https:\/\/dorelaiepan.com\/belief-code\/\">Le Code Des Croyances (The Belief Code)<\/a> &amp; <a href=\"https:\/\/dorelaiepan.com\/body-code\/\">Le Code Corporel (The Body Code)<\/a> &amp; <a href=\"https:\/\/dorelaiepan.com\/emotion-code\/\">Le Code Des Emotions (The Emotion Code)<\/a>, Praticienne Certifi\u00e9e <a href=\"https:\/\/dorelaiepan.com\/eft\/\">EFT &amp; Matrix Reimprinting<\/a> ,<\/strong> et auteure du livre <strong>&#8220;<a href=\"https:\/\/dorelaiepan.com\/book\/\">La Relation Parfaite<\/a>\u201d<\/strong>.<\/p><p>Je rassemble tout ce que j'ai appris et mon exp\u00e9rience de plus de 1000 heures de s\u00e9ances de th\u00e9rapie et de gu\u00e9rison individuelles pour aider les gens \u00e0 transformer leur vie et leurs relations et \u00e0 vivre une vie d'harmonie, d'amour et de bonheur.<\/p><p>Si vous vous sentez en r\u00e9sonance avec moi, j'ai h\u00e2te de travailler avec vous.<\/p>\t\t\t\t\t\t\t\t<\/div>\n\t\t\t\t<\/div>\n\t\t\t\t\t<\/div>\n\t\t<\/div>\n\t\t\t\t<div class=\"elementor-column elementor-col-33 elementor-top-column elementor-element elementor-element-a510eef\" data-id=\"a510eef\" data-element_type=\"column\" data-e-type=\"column\">\n\t\t\t<div class=\"elementor-widget-wrap elementor-element-populated\">\n\t\t\t\t\t\t<div class=\"elementor-element elementor-element-8a89fd1 elementor-widget elementor-widget-image\" data-id=\"8a89fd1\" data-element_type=\"widget\" data-e-type=\"widget\" data-widget_type=\"image.default\">\n\t\t\t\t<div class=\"elementor-widget-container\">\n\t\t\t\t\t\t\t\t\t\t\t\t\t\t\t<img decoding=\"async\" width=\"300\" height=\"300\" data-src=\"https:\/\/dorelaiepan.com\/wp-content\/uploads\/2023\/04\/Dorela-Iepan-300x300.png\" class=\"attachment-medium size-medium wp-image-3705 lazyload\" alt=\"dorelaiepan\" data-srcset=\"https:\/\/dorelaiepan.com\/wp-content\/uploads\/2023\/04\/Dorela-Iepan-300x300.png 300w, https:\/\/dorelaiepan.com\/wp-content\/uploads\/2023\/04\/Dorela-Iepan-150x150.png 150w, https:\/\/dorelaiepan.com\/wp-content\/uploads\/2023\/04\/Dorela-Iepan-100x100.png 100w, https:\/\/dorelaiepan.com\/wp-content\/uploads\/2023\/04\/Dorela-Iepan-470x470.png 470w, https:\/\/dorelaiepan.com\/wp-content\/uploads\/2023\/04\/Dorela-Iepan-12x12.png 12w, https:\/\/dorelaiepan.com\/wp-content\/uploads\/2023\/04\/Dorela-Iepan-75x75.png 75w, https:\/\/dorelaiepan.com\/wp-content\/uploads\/2023\/04\/Dorela-Iepan.png 591w\" data-sizes=\"(max-width: 300px) 100vw, 300px\" title=\"\" src=\"data:image\/svg+xml;base64,PHN2ZyB3aWR0aD0iMSIgaGVpZ2h0PSIxIiB4bWxucz0iaHR0cDovL3d3dy53My5vcmcvMjAwMC9zdmciPjwvc3ZnPg==\" style=\"--smush-placeholder-width: 300px; --smush-placeholder-aspect-ratio: 300\/300;\">\t\t\t\t\t\t\t\t\t\t\t\t\t\t\t<\/div>\n\t\t\t\t<\/div>\n\t\t\t\t\t<\/div>\n\t\t<\/div>\n\t\t\t\t\t<\/div>\n\t\t<\/section>\n\t\t\t\t<section class=\"elementor-section elementor-top-section elementor-element elementor-element-3f793bf elementor-section-boxed elementor-section-height-default elementor-section-height-default\" data-id=\"3f793bf\" data-element_type=\"section\" data-e-type=\"section\">\n\t\t\t\t\t\t<div class=\"elementor-container elementor-column-gap-default\">\n\t\t\t\t\t<div class=\"elementor-column elementor-col-100 elementor-top-column elementor-element elementor-element-0abe31c\" data-id=\"0abe31c\" data-element_type=\"column\" data-e-type=\"column\">\n\t\t\t<div class=\"elementor-widget-wrap elementor-element-populated\">\n\t\t\t\t\t\t<div class=\"elementor-element elementor-element-905b649 elementor-widget elementor-widget-menu-anchor\" data-id=\"905b649\" data-element_type=\"widget\" data-e-type=\"widget\" data-widget_type=\"menu-anchor.default\">\n\t\t\t\t<div class=\"elementor-widget-container\">\n\t\t\t\t\t\t\t<div class=\"elementor-menu-anchor\" id=\"eftbook\"><\/div>\n\t\t\t\t\t\t<\/div>\n\t\t\t\t<\/div>\n\t\t\t\t<div class=\"elementor-element elementor-element-2edaae5 elementor-widget elementor-widget-text-editor\" data-id=\"2edaae5\" data-element_type=\"widget\" data-e-type=\"widget\" data-widget_type=\"text-editor.default\">\n\t\t\t\t<div class=\"elementor-widget-container\">\n\t\t\t\t\t\t\t\t\t<p class=\" translation-block\">Apr\u00e8s avoir effectu\u00e9 le paiement, programmez la s\u00e9ance <a href=\"https:\/\/dorelaiepan.ace.page\/meet\/eft-fr\" target=\"_self\"><strong>ici<\/strong><\/a>. Vous pouvez programmer la premi\u00e8re s\u00e9ance du forfait 3 mois avec des s\u00e9ances de 15 minutes dans un cr\u00e9neau de 30 minutes.<\/p>\t\t\t\t\t\t\t\t<\/div>\n\t\t\t\t<\/div>\n\t\t\t\t<div class=\"elementor-element elementor-element-75546e3 elementor-widget elementor-widget-global elementor-global-8279 elementor-widget-text-editor\" data-id=\"75546e3\" data-element_type=\"widget\" data-e-type=\"widget\" data-widget_type=\"text-editor.default\">\n\t\t\t\t<div class=\"elementor-widget-container\">\n\t\t\t\t\t\t\t\t\t<p><strong>Politique d'annulation des s\u00e9ances<\/strong><\/p><p>Pour respecter le temps de chacun et garantir une organisation efficace, merci de prendre en compte les points suivants :<\/p><ul><li>Toutes les s\u00e9ances qui ne sont pas annul\u00e9es au moins <strong>48 heures<\/strong> avant l'heure pr\u00e9vue seront consid\u00e9r\u00e9es comme utilis\u00e9es.<\/li><li>Pour les s\u00e9ances annul\u00e9es avec un pr\u00e9avis de moins de 48 heures, je r\u00e9aliserai une s\u00e9ance \u00e0 distance en utilisant la m\u00e9thode du <strong>Code des \u00c9motions<\/strong>. Apr\u00e8s la s\u00e9ance, je te fournirai des d\u00e9tails sur le processus et les r\u00e9sultats obtenus.<\/li><\/ul><p>Cette politique est n\u00e9cessaire en raison d\u2019un agenda tr\u00e8s charg\u00e9. Les annulations de derni\u00e8re minute ne permettent pas \u00e0 d'autres clients de b\u00e9n\u00e9ficier de ce cr\u00e9neau pour travailler avec moi. Merci pour ta compr\u00e9hension et ta collaboration !<\/p>\t\t\t\t\t\t\t\t<\/div>\n\t\t\t\t<\/div>\n\t\t\t\t<div class=\"elementor-element elementor-element-483374d elementor-widget elementor-widget-text-editor\" data-id=\"483374d\" data-element_type=\"widget\" data-e-type=\"widget\" data-widget_type=\"text-editor.default\">\n\t\t\t\t<div class=\"elementor-widget-container\">\n\t\t\t\t\t\t\t\t\t<p class=\" translation-block\">Book your session <a href=\"https:\/\/dorelaiepan.ace.page\/meet\/heal-session\" target=\"_blank\" rel=\"noopener\">here<\/a>.<\/p><p>Programez sesiunea mea <a href=\"https:\/\/dorelaiepan.ace.page\/meet\/eft\" target=\"_blank\" rel=\"noopener\">aici<\/a>.<\/p>\t\t\t\t\t\t\t\t<\/div>\n\t\t\t\t<\/div>\n\t\t\t\t<div class=\"elementor-element elementor-element-1d7b004 elementor-align-center elementor-widget elementor-widget-button\" data-id=\"1d7b004\" data-element_type=\"widget\" data-e-type=\"widget\" data-widget_type=\"button.default\">\n\t\t\t\t<div class=\"elementor-widget-container\">\n\t\t\t\t\t\t\t\t\t<div class=\"elementor-button-wrapper\">\n\t\t\t\t\t<a class=\"elementor-button elementor-button-link elementor-size-sm\" href=\"https:\/\/dorelaiepan.ace.page\/meet\/eft-session\" target=\"_blank\" rel=\"noopener\">\n\t\t\t\t\t\t<span class=\"elementor-button-content-wrapper\">\n\t\t\t\t\t\t\t\t\t<span class=\"elementor-button-text\">Book the session<\/span>\n\t\t\t\t\t<\/span>\n\t\t\t\t\t<\/a>\n\t\t\t\t<\/div>\n\t\t\t\t\t\t\t\t<\/div>\n\t\t\t\t<\/div>\n\t\t\t\t<div class=\"elementor-element elementor-element-6b2c82f elementor-align-center elementor-widget elementor-widget-button\" data-id=\"6b2c82f\" data-element_type=\"widget\" data-e-type=\"widget\" data-widget_type=\"button.default\">\n\t\t\t\t<div class=\"elementor-widget-container\">\n\t\t\t\t\t\t\t\t\t<div class=\"elementor-button-wrapper\">\n\t\t\t\t\t<a class=\"elementor-button elementor-button-link elementor-size-sm\" href=\"https:\/\/dorelaiepan.ace.page\/meet\/eft-fr\" target=\"_blank\" rel=\"noopener\">\n\t\t\t\t\t\t<span class=\"elementor-button-content-wrapper\">\n\t\t\t\t\t\t\t\t\t<span class=\"elementor-button-text\">R\u00e9server votre s\u00e9ance<\/span>\n\t\t\t\t\t<\/span>\n\t\t\t\t\t<\/a>\n\t\t\t\t<\/div>\n\t\t\t\t\t\t\t\t<\/div>\n\t\t\t\t<\/div>\n\t\t\t\t<div class=\"elementor-element elementor-element-bfa8cb9 elementor-align-center elementor-widget elementor-widget-button\" data-id=\"bfa8cb9\" data-element_type=\"widget\" data-e-type=\"widget\" data-widget_type=\"button.default\">\n\t\t\t\t<div class=\"elementor-widget-container\">\n\t\t\t\t\t\t\t\t\t<div class=\"elementor-button-wrapper\">\n\t\t\t\t\t<a class=\"elementor-button elementor-button-link elementor-size-sm\" href=\"https:\/\/dorelaiepan.ace.page\/meet\/eft\" target=\"_blank\" rel=\"noopener\">\n\t\t\t\t\t\t<span class=\"elementor-button-content-wrapper\">\n\t\t\t\t\t\t\t\t\t<span class=\"elementor-button-text\">M\u0103 programez<\/span>\n\t\t\t\t\t<\/span>\n\t\t\t\t\t<\/a>\n\t\t\t\t<\/div>\n\t\t\t\t\t\t\t\t<\/div>\n\t\t\t\t<\/div>\n\t\t\t\t<div class=\"elementor-element elementor-element-319968a elementor-widget elementor-widget-html\" data-id=\"319968a\" data-element_type=\"widget\" data-e-type=\"widget\" data-no-translation=\"\" data-widget_type=\"html.default\">\n\t\t\t\t<div class=\"elementor-widget-container\">\n\t\t\t\t\t<style>.elementor-element-319968a{display:none !important}<\/style>\t\t\t\t<\/div>\n\t\t\t\t<\/div>\n\t\t\t\t<div class=\"elementor-element elementor-element-844a8ff elementor-widget elementor-widget-html\" data-id=\"844a8ff\" data-element_type=\"widget\" data-e-type=\"widget\" data-no-translation=\"\" data-widget_type=\"html.default\">\n\t\t\t\t<div class=\"elementor-widget-container\">\n\t\t\t\t\t<!-- \u00cencepe widgetul ACE Meetings -->\r\n      <ace-calendar meeting-link=\"eft-fr\" subdomain=\"dorelaiepan\" wsuuid=\"facc2ebc-bd0f-4b7e-9277-3afa991595ef\">\r\n      <div id=\"pyes\" slot=\"pyes-c\"><\/div><div id=\"pyepp\" slot=\"pyepp-c\"><\/div>\r\n      <\/ace-calendar>\r\n      <script type=\"module\" src=\"https:\/\/app.useace.com\/widget\/main.js\"><\/script>\r\n      <!-- Sf\u00e2r\u0219itul widgetului ACE Meetings -->\t\t\t\t<\/div>\n\t\t\t\t<\/div>\n\t\t\t\t\t<\/div>\n\t\t<\/div>\n\t\t\t\t\t<\/div>\n\t\t<\/section>\n\t\t\t\t<\/div>","protected":false},"excerpt":{"rendered":"<h2><b>S\u00e9ance de th\u00e9rapie de 60 minutes o\u00f9 nous combinerons toutes les techniques que j'utilise dans mon travail 1 \u00e0 1 avec mes clients<\/b><\/h2>\n<p>En partant de la situation que vous souhaitez r\u00e9soudre, et de vos pr\u00e9f\u00e9rences, mais aussi en fonction de ce qui ressort de la s\u00e9ance, nous travaillerons avec l'EFT &amp; Matrix Reimprinting, The Emotion Code, The Body Code, ainsi que d'autres techniques, alliant les bienfaits de chacune, pour obtenir les r\u00e9sultats souhait\u00e9s le plus rapidement possible.<\/p>\n<p>L'EFT est bas\u00e9 sur l'id\u00e9e que toutes les \u00e9motions n\u00e9gatives sont le r\u00e9sultat de d\u00e9s\u00e9quilibres dans le flux d'\u00e9nergie dans le corps. En appliquant une s\u00e9rie de tappotements l\u00e9gers sur des points d'acupuncture sp\u00e9cifiques, l'EFT aide \u00e0 d\u00e9bloquer et \u00e0 \u00e9quilibrer le flux d'\u00e9nergie, permettant au corps et \u00e0 l'esprit de gu\u00e9rir et de se lib\u00e9rer.<\/p>\n<p class=\" translation-block\">Apr\u00e8s avoir choisi et pay\u00e9 la s\u00e9ance, vous pouvez la r\u00e9server ici sur <a href=\"#eftbook\" target=\"_self\">Mon Agenda<\/a>.<\/p>","protected":false},"featured_media":3402,"comment_status":"open","ping_status":"closed","template":"","meta":{"pmpro_default_level":""},"product_brand":[],"product_cat":[124],"product_tag":[],"class_list":{"0":"post-2582","1":"product","2":"type-product","3":"status-publish","4":"has-post-thumbnail","6":"product_cat-individual","7":"pmpro-has-access","9":"first","10":"instock","11":"shipping-taxable","12":"purchasable","13":"product-type-variable","14":"has-default-attributes"},"jetpack_sharing_enabled":true,"_links":{"self":[{"href":"https:\/\/dorelaiepan.com\/fr\/wp-json\/wp\/v2\/product\/2582","targetHints":{"allow":["GET"]}}],"collection":[{"href":"https:\/\/dorelaiepan.com\/fr\/wp-json\/wp\/v2\/product"}],"about":[{"href":"https:\/\/dorelaiepan.com\/fr\/wp-json\/wp\/v2\/types\/product"}],"replies":[{"embeddable":true,"href":"https:\/\/dorelaiepan.com\/fr\/wp-json\/wp\/v2\/comments?post=2582"}],"version-history":[{"count":75,"href":"https:\/\/dorelaiepan.com\/fr\/wp-json\/wp\/v2\/product\/2582\/revisions"}],"predecessor-version":[{"id":9267,"href":"https:\/\/dorelaiepan.com\/fr\/wp-json\/wp\/v2\/product\/2582\/revisions\/9267"}],"wp:featuredmedia":[{"embeddable":true,"href":"https:\/\/dorelaiepan.com\/fr\/wp-json\/wp\/v2\/media\/3402"}],"wp:attachment":[{"href":"https:\/\/dorelaiepan.com\/fr\/wp-json\/wp\/v2\/media?parent=2582"}],"wp:term":[{"taxonomy":"product_brand","embeddable":true,"href":"https:\/\/dorelaiepan.com\/fr\/wp-json\/wp\/v2\/product_brand?post=2582"},{"taxonomy":"product_cat","embeddable":true,"href":"https:\/\/dorelaiepan.com\/fr\/wp-json\/wp\/v2\/product_cat?post=2582"},{"taxonomy":"product_tag","embeddable":true,"href":"https:\/\/dorelaiepan.com\/fr\/wp-json\/wp\/v2\/product_tag?post=2582"}],"curies":[{"name":"wp","href":"https:\/\/api.w.org\/{rel}","templated":true}]}}