{"id":1900,"date":"2023-11-22T20:29:13","date_gmt":"2023-11-22T18:29:13","guid":{"rendered":"https:\/\/dorelaiepan.com\/?post_type=product&#038;p=1900"},"modified":"2026-03-10T09:55:11","modified_gmt":"2026-03-10T08:55:11","slug":"emotion-code","status":"publish","type":"product","link":"https:\/\/dorelaiepan.com\/fr\/emotion-code\/","title":{"rendered":"S\u00e9ances du Code des Emotions"},"content":{"rendered":"<div data-elementor-type=\"product-post\" data-elementor-id=\"1900\" class=\"elementor elementor-1900\" data-elementor-post-type=\"product\">\n\t\t\t\t\t\t<section class=\"elementor-section elementor-top-section elementor-element elementor-element-bd30a86 elementor-section-boxed elementor-section-height-default elementor-section-height-default\" data-id=\"bd30a86\" data-element_type=\"section\" data-e-type=\"section\">\n\t\t\t\t\t\t<div class=\"elementor-container elementor-column-gap-default\">\n\t\t\t\t\t<div class=\"elementor-column elementor-col-33 elementor-top-column elementor-element elementor-element-e9231f8\" data-id=\"e9231f8\" data-element_type=\"column\" data-e-type=\"column\">\n\t\t\t<div class=\"elementor-widget-wrap elementor-element-populated\">\n\t\t\t\t\t\t<div class=\"elementor-element elementor-element-056906e elementor-widget elementor-widget-image\" data-id=\"056906e\" data-element_type=\"widget\" data-e-type=\"widget\" data-widget_type=\"image.default\">\n\t\t\t\t<div class=\"elementor-widget-container\">\n\t\t\t\t\t\t\t\t\t\t\t\t\t\t\t<img fetchpriority=\"high\" decoding=\"async\" width=\"300\" height=\"300\" src=\"https:\/\/dorelaiepan.com\/wp-content\/uploads\/2022\/02\/en-tec-practitioner-badge-300x300.png\" class=\"attachment-medium size-medium wp-image-1841\" alt=\"emotion code certification\" srcset=\"https:\/\/dorelaiepan.com\/wp-content\/uploads\/2022\/02\/en-tec-practitioner-badge-300x300.png 300w, https:\/\/dorelaiepan.com\/wp-content\/uploads\/2022\/02\/en-tec-practitioner-badge-150x150.png 150w, https:\/\/dorelaiepan.com\/wp-content\/uploads\/2022\/02\/en-tec-practitioner-badge-100x100.png 100w, https:\/\/dorelaiepan.com\/wp-content\/uploads\/2022\/02\/en-tec-practitioner-badge-470x470.png 470w, https:\/\/dorelaiepan.com\/wp-content\/uploads\/2022\/02\/en-tec-practitioner-badge-12x12.png 12w, https:\/\/dorelaiepan.com\/wp-content\/uploads\/2022\/02\/en-tec-practitioner-badge.png 600w\" sizes=\"(max-width: 300px) 100vw, 300px\" title=\"\">\t\t\t\t\t\t\t\t\t\t\t\t\t\t\t<\/div>\n\t\t\t\t<\/div>\n\t\t\t\t\t<\/div>\n\t\t<\/div>\n\t\t\t\t<div class=\"elementor-column elementor-col-66 elementor-top-column elementor-element elementor-element-c4d3c09\" data-id=\"c4d3c09\" data-element_type=\"column\" data-e-type=\"column\">\n\t\t\t<div class=\"elementor-widget-wrap elementor-element-populated\">\n\t\t\t\t\t\t<div class=\"elementor-element elementor-element-07ab7b3 elementor-widget elementor-widget-text-editor\" data-id=\"07ab7b3\" data-element_type=\"widget\" data-e-type=\"widget\" data-widget_type=\"text-editor.default\">\n\t\t\t\t<div class=\"elementor-widget-container\">\n\t\t\t\t\t\t\t\t\t<h4 style=\"text-align: center;\"><strong>S\u00e9ance de lib\u00e9ration des \u00e9motions bloqu\u00e9es \u00e0 l'aide du Code des \u00e9motions<\/strong><\/h4><p>Duration: 20 minutes or<strong> 30 minutes<\/strong><br \/>Format : en ligne<\/p><p class=\" translation-block\"><strong>Le code des \u00e9motions<\/strong> est une m\u00e9thode de gu\u00e9rison d\u00e9couverte par le <strong>Dr Bradley Nelson<\/strong> qui consiste \u00e0 identifier et \u00e0 lib\u00e9rer les \u00e9motions bloqu\u00e9es du corps avec un minimum d'effort.<\/p><p class=\" translation-block\">La m\u00e9thode est d\u00e9crite en d\u00e9tail dans son livre, <em><strong>\u00ab\u00a0Le code des \u00e9motions\u00a0\u00bb<\/strong><\/em>, que je vous recommande de lire si vous voulez en savoir plus sur son fonctionnement, mais aussi sur la fa\u00e7on dont nos \u00e9motions bloqu\u00e9es peuvent influencer tous les domaines de la vie.<\/p><p>C'est une m\u00e9thode qui peut \u00e9galement \u00eatre appliqu\u00e9e par vous-m\u00eame, mais le processus peut prendre plus de temps. Travailler avec un praticien certifi\u00e9 peut acc\u00e9l\u00e9rer les progr\u00e8s et vous apporter les r\u00e9sultats que vous souhaitez, beaucoup plus rapidement.<\/p>\t\t\t\t\t\t\t\t<\/div>\n\t\t\t\t<\/div>\n\t\t\t\t\t<\/div>\n\t\t<\/div>\n\t\t\t\t\t<\/div>\n\t\t<\/section>\n\t\t\t\t<section class=\"elementor-section elementor-top-section elementor-element elementor-element-7264185 elementor-section-boxed elementor-section-height-default elementor-section-height-default\" data-id=\"7264185\" data-element_type=\"section\" data-e-type=\"section\">\n\t\t\t\t\t\t<div class=\"elementor-container elementor-column-gap-default\">\n\t\t\t\t\t<div class=\"elementor-column elementor-col-100 elementor-top-column elementor-element elementor-element-9241293\" data-id=\"9241293\" data-element_type=\"column\" data-e-type=\"column\">\n\t\t\t<div class=\"elementor-widget-wrap elementor-element-populated\">\n\t\t\t\t\t\t<div class=\"elementor-element elementor-element-0dd867d elementor-widget elementor-widget-text-editor\" data-id=\"0dd867d\" data-element_type=\"widget\" data-e-type=\"widget\" data-widget_type=\"text-editor.default\">\n\t\t\t\t<div class=\"elementor-widget-container\">\n\t\t\t\t\t\t\t\t\t<h4 style=\"text-align: center;\"><strong>Dans quelles situations The Emotion Code peut-il aider ?<\/strong><\/h4><p>Tout en nous et autour de nous est \u00e9nergie. Notre corps, nos pens\u00e9es et nos \u00e9motions, les situations que nous vivons, tout ce qui est (ou n'est pas) dans nos vies est de l'\u00e9nergie et est influenc\u00e9 par notre \u00e9nergie. Les \u00e9motions sont de l'\u00e9nergie. Lorsque nous ressentons des \u00e9motions, en particulier des \u00e9motions n\u00e9gatives, et que nous ne parvenons pas \u00e0 les traiter correctement, elles restent bloqu\u00e9es dans notre corps et notre champ \u00e9nerg\u00e9tique.<\/p><p>Tout au long de la vie, nous vivons toutes sortes d'\u00e9motions, dans les situations de vie que nous traversons. Nous n'arrivons pas toujours \u00e0 les traiter correctement, parfois m\u00eame sans \u00eatre conscients des \u00e9motions que nous ressentons. Cependant, les \u00e9motions non transform\u00e9es restent coinc\u00e9es dans le corps, \"bloqu\u00e9es\".<\/p><p>Bien qu'elles ne soient pas visibles, ces \u00e9motions pi\u00e9g\u00e9es affectent notre corps, nos pens\u00e9es, nos actions et la qualit\u00e9 de la vie que nous vivons.<\/p><h4 style=\"text-align: center;\"><strong>Comment le Code des \u00c9motions aide-t-il\u00a0?<\/strong><\/h4><p>Travailler avec le Code des \u00c9motions aide \u00e0 lib\u00e9rer les \u00e9motions pi\u00e9g\u00e9es afin que vous puissiez r\u00e9tablir l'\u00e9quilibre \u00e9nerg\u00e9tique de votre corps.<\/p><p>Une fois que vous avez lib\u00e9r\u00e9 les \u00e9motions bloqu\u00e9es, les croyances limitantes et les blocages, dont certains sont m\u00eame h\u00e9rit\u00e9s, la chimie de votre corps change. Votre \u00e9nergie change pour le mieux et, comme par magie, des situations ext\u00e9rieures, qui n'\u00e9taient peut-\u00eatre pas \u00e0 votre go\u00fbt, changent.<\/p><p>Le processus est tr\u00e8s simple et n'implique pas de rappeler des exp\u00e9riences ou de les analyser. De plus, une fois lib\u00e9r\u00e9es, les \u00e9motions bloqu\u00e9es ne reviennent pas.<\/p><p>Le Code des \u00c9motions est tr\u00e8s efficace pour r\u00e9soudre les d\u00e9s\u00e9quilibres li\u00e9s aux relations, \u00e0 l'abondance, \u00e0 la sant\u00e9, \u00e0 la confiance en soi ou \u00e0 tout ce que vous souhaitez changer dans votre vie.<\/p>\t\t\t\t\t\t\t\t<\/div>\n\t\t\t\t<\/div>\n\t\t\t\t\t<\/div>\n\t\t<\/div>\n\t\t\t\t\t<\/div>\n\t\t<\/section>\n\t\t\t\t<section class=\"elementor-section elementor-top-section elementor-element elementor-element-da5b755 elementor-section-boxed elementor-section-height-default elementor-section-height-default\" data-id=\"da5b755\" data-element_type=\"section\" data-e-type=\"section\">\n\t\t\t\t\t\t<div class=\"elementor-container elementor-column-gap-default\">\n\t\t\t\t\t<div class=\"elementor-column elementor-col-100 elementor-top-column elementor-element elementor-element-6298525\" data-id=\"6298525\" data-element_type=\"column\" data-e-type=\"column\">\n\t\t\t<div class=\"elementor-widget-wrap elementor-element-populated\">\n\t\t\t\t\t\t<div class=\"elementor-element elementor-element-2a1bef2 elementor-widget elementor-widget-text-editor\" data-id=\"2a1bef2\" data-element_type=\"widget\" data-e-type=\"widget\" data-widget_type=\"text-editor.default\">\n\t\t\t\t<div class=\"elementor-widget-container\">\n\t\t\t\t\t\t\t\t\t<h4 style=\"text-align: center;\"><strong>De combien de s\u00e9ances ai-je besoin et \u00e0 quelle fr\u00e9quence devons-nous nous voir ?<\/strong><\/h4><p>Selon la situation sur laquelle vous souhaitez travailler et sa gravit\u00e9, le nombre de s\u00e9ances peut \u00eatre diff\u00e9rent. Je recommande un minimum de 5 s\u00e9ances pour pouvoir travailler en profondeur.<\/p><p>La fr\u00e9quence recommand\u00e9e des s\u00e9ances est de 1 par semaine, mais pas plus de 2 par semaine. Si vous ressentez le besoin de laisser plus d'espace entre les s\u00e9ances, on peut \u00e9galement se voir toutes les 2 semaines ou une fois par mois.<\/p><p>Ce qu'il est important de savoir, c'est que les changements se font sentir imm\u00e9diatement, d\u00e8s la premi\u00e8re s\u00e9ance. M\u00eame si vous n'avez pas r\u00e9solu le probl\u00e8me sur lequel vous voulez travailler d\u00e8s la premi\u00e8re s\u00e9ance, il y aura des diff\u00e9rences dans la fa\u00e7on dont vous vous sentez, \u00e0 la fois physiquement et \u00e9motionnellement.<\/p><p><strong>You can purchase a session (email, 20, or 30 minutes) or a package containing 3 or 5 sessions (30 minutes).<br \/>You also have the option to work with me for 3 months, with weekly meetings for which I will email you the release report.<\/strong><\/p><p><strong>Si c'est la premi\u00e8re fois que vous travaillez avec moi, avec le Code des \u00c9motions, choisissez la premi\u00e8re s\u00e9ance avec un prix sp\u00e9cial.<\/strong><\/p>\t\t\t\t\t\t\t\t<\/div>\n\t\t\t\t<\/div>\n\t\t\t\t\t<\/div>\n\t\t<\/div>\n\t\t\t\t\t<\/div>\n\t\t<\/section>\n\t\t\t\t<section class=\"elementor-section elementor-top-section elementor-element elementor-element-5dd5ed0 elementor-section-boxed elementor-section-height-default elementor-section-height-default\" data-id=\"5dd5ed0\" data-element_type=\"section\" data-e-type=\"section\">\n\t\t\t\t\t\t<div class=\"elementor-container elementor-column-gap-default\">\n\t\t\t\t\t<div class=\"elementor-column elementor-col-66 elementor-top-column elementor-element elementor-element-eca9c23\" data-id=\"eca9c23\" data-element_type=\"column\" data-e-type=\"column\">\n\t\t\t<div class=\"elementor-widget-wrap elementor-element-populated\">\n\t\t\t\t\t\t<div class=\"elementor-element elementor-element-b67e880 elementor-widget elementor-widget-text-editor\" data-id=\"b67e880\" data-element_type=\"widget\" data-e-type=\"widget\" data-widget_type=\"text-editor.default\">\n\t\t\t\t<div class=\"elementor-widget-container\">\n\t\t\t\t\t\t\t\t\t<p>Je suis Dorela Iepan, Coach Emotionnelle, <strong>Praticienne Certifi\u00e9e <a href=\"https:\/\/dorelaiepan.com\/belief-code\/\">Le Code Des Croyances (The Belief Code)<\/a> &amp; <a href=\"https:\/\/dorelaiepan.com\/body-code\/\">Le Code Corporel (The Body Code)<\/a> &amp; <a href=\"https:\/\/dorelaiepan.com\/emotion-code\/\">Le Code Des Emotions (The Emotion Code)<\/a>, Praticienne Certifi\u00e9e <a href=\"https:\/\/dorelaiepan.com\/eft\/\">EFT &amp; Matrix<\/a> ,<\/strong> et auteure du livre <strong>&#8220;<a href=\"https:\/\/dorelaiepan.com\/book\/\">La Relation Parfaite<\/a>\u201d<\/strong>.<\/p><p>Je rassemble tout ce que j'ai appris et mon exp\u00e9rience de plus de 1000 heures de s\u00e9ances de th\u00e9rapie et de gu\u00e9rison individuelles pour aider les gens \u00e0 transformer leur vie et leurs relations et \u00e0 vivre une vie d'harmonie, d'amour et de bonheur.<\/p><p>Si vous vous sentez en r\u00e9sonance avec moi, j'ai h\u00e2te de travailler avec vous.<\/p>\t\t\t\t\t\t\t\t<\/div>\n\t\t\t\t<\/div>\n\t\t\t\t\t<\/div>\n\t\t<\/div>\n\t\t\t\t<div class=\"elementor-column elementor-col-33 elementor-top-column elementor-element elementor-element-ec79036\" data-id=\"ec79036\" data-element_type=\"column\" data-e-type=\"column\">\n\t\t\t<div class=\"elementor-widget-wrap elementor-element-populated\">\n\t\t\t\t\t\t<div class=\"elementor-element elementor-element-e08a4b7 elementor-widget elementor-widget-image\" data-id=\"e08a4b7\" data-element_type=\"widget\" data-e-type=\"widget\" data-widget_type=\"image.default\">\n\t\t\t\t<div class=\"elementor-widget-container\">\n\t\t\t\t\t\t\t\t\t\t\t\t\t\t\t<img decoding=\"async\" width=\"300\" height=\"300\" data-src=\"https:\/\/dorelaiepan.com\/wp-content\/uploads\/2023\/04\/Dorela-Iepan-300x300.png\" class=\"attachment-medium size-medium wp-image-3705 lazyload\" alt=\"dorelaiepan\" data-srcset=\"https:\/\/dorelaiepan.com\/wp-content\/uploads\/2023\/04\/Dorela-Iepan-300x300.png 300w, https:\/\/dorelaiepan.com\/wp-content\/uploads\/2023\/04\/Dorela-Iepan-150x150.png 150w, https:\/\/dorelaiepan.com\/wp-content\/uploads\/2023\/04\/Dorela-Iepan-100x100.png 100w, https:\/\/dorelaiepan.com\/wp-content\/uploads\/2023\/04\/Dorela-Iepan-470x470.png 470w, https:\/\/dorelaiepan.com\/wp-content\/uploads\/2023\/04\/Dorela-Iepan-12x12.png 12w, https:\/\/dorelaiepan.com\/wp-content\/uploads\/2023\/04\/Dorela-Iepan-75x75.png 75w, https:\/\/dorelaiepan.com\/wp-content\/uploads\/2023\/04\/Dorela-Iepan.png 591w\" data-sizes=\"(max-width: 300px) 100vw, 300px\" title=\"\" src=\"data:image\/svg+xml;base64,PHN2ZyB3aWR0aD0iMSIgaGVpZ2h0PSIxIiB4bWxucz0iaHR0cDovL3d3dy53My5vcmcvMjAwMC9zdmciPjwvc3ZnPg==\" style=\"--smush-placeholder-width: 300px; --smush-placeholder-aspect-ratio: 300\/300;\">\t\t\t\t\t\t\t\t\t\t\t\t\t\t\t<\/div>\n\t\t\t\t<\/div>\n\t\t\t\t\t<\/div>\n\t\t<\/div>\n\t\t\t\t\t<\/div>\n\t\t<\/section>\n\t\t\t\t<section class=\"elementor-section elementor-top-section elementor-element elementor-element-e844130 elementor-section-boxed elementor-section-height-default elementor-section-height-default\" data-id=\"e844130\" data-element_type=\"section\" data-e-type=\"section\">\n\t\t\t\t\t\t<div class=\"elementor-container elementor-column-gap-default\">\n\t\t\t\t\t<div class=\"elementor-column elementor-col-100 elementor-top-column elementor-element elementor-element-96141ad\" data-id=\"96141ad\" data-element_type=\"column\" data-e-type=\"column\">\n\t\t\t<div class=\"elementor-widget-wrap elementor-element-populated\">\n\t\t\t\t\t\t<div class=\"elementor-element elementor-element-74467ed elementor-widget elementor-widget-menu-anchor\" data-id=\"74467ed\" data-element_type=\"widget\" data-e-type=\"widget\" data-widget_type=\"menu-anchor.default\">\n\t\t\t\t<div class=\"elementor-widget-container\">\n\t\t\t\t\t\t\t<div class=\"elementor-menu-anchor\" id=\"emotionbook\"><\/div>\n\t\t\t\t\t\t<\/div>\n\t\t\t\t<\/div>\n\t\t\t\t<div class=\"elementor-element elementor-element-99e9117 elementor-widget elementor-widget-text-editor\" data-id=\"99e9117\" data-element_type=\"widget\" data-e-type=\"widget\" data-widget_type=\"text-editor.default\">\n\t\t\t\t<div class=\"elementor-widget-container\">\n\t\t\t\t\t\t\t\t\t<p>Apr\u00e8s avoir effectu\u00e9 le paiement, programmez la s\u00e9ance <a href=\"https:\/\/dorelaiepan.ace.page\/meet\/emotion-code-session\" target=\"_blank\" rel=\"noopener\"><strong>ici<\/strong><\/a>. You can book the first session in the 3-month package in a 30-minute slot.<\/p>\t\t\t\t\t\t\t\t<\/div>\n\t\t\t\t<\/div>\n\t\t\t\t<div class=\"elementor-element elementor-element-5e77e01 elementor-widget elementor-widget-global elementor-global-8279 elementor-widget-text-editor\" data-id=\"5e77e01\" data-element_type=\"widget\" data-e-type=\"widget\" data-widget_type=\"text-editor.default\">\n\t\t\t\t<div class=\"elementor-widget-container\">\n\t\t\t\t\t\t\t\t\t<p><strong>Politique d'annulation des s\u00e9ances<\/strong><\/p><p>Pour respecter le temps de chacun et garantir une organisation efficace, merci de prendre en compte les points suivants :<\/p><ul><li>Toutes les s\u00e9ances qui ne sont pas annul\u00e9es au moins <strong>48 heures<\/strong> avant l'heure pr\u00e9vue seront consid\u00e9r\u00e9es comme utilis\u00e9es.<\/li><li>Pour les s\u00e9ances annul\u00e9es avec un pr\u00e9avis de moins de 48 heures, je r\u00e9aliserai une s\u00e9ance \u00e0 distance en utilisant la m\u00e9thode du <strong>Code des \u00c9motions<\/strong>. Apr\u00e8s la s\u00e9ance, je te fournirai des d\u00e9tails sur le processus et les r\u00e9sultats obtenus.<\/li><\/ul><p>Cette politique est n\u00e9cessaire en raison d\u2019un agenda tr\u00e8s charg\u00e9. Les annulations de derni\u00e8re minute ne permettent pas \u00e0 d'autres clients de b\u00e9n\u00e9ficier de ce cr\u00e9neau pour travailler avec moi. Merci pour ta compr\u00e9hension et ta collaboration !<\/p>\t\t\t\t\t\t\t\t<\/div>\n\t\t\t\t<\/div>\n\t\t\t\t<div class=\"elementor-element elementor-element-4afa3ac elementor-widget elementor-widget-text-editor\" data-id=\"4afa3ac\" data-element_type=\"widget\" data-e-type=\"widget\" data-widget_type=\"text-editor.default\">\n\t\t\t\t<div class=\"elementor-widget-container\">\n\t\t\t\t\t\t\t\t\t<p class=\" translation-block\">Book your session <a href=\"https:\/\/dorelaiepan.ace.page\/meet\/heal-session\" target=\"_blank\" rel=\"noopener\">here<\/a>.<\/p><p>Programez sesiunea mea <a href=\"https:\/\/dorelaiepan.ace.page\/meet\/emotion-code\" target=\"_blank\" rel=\"noopener\">aici<\/a>.<\/p>\t\t\t\t\t\t\t\t<\/div>\n\t\t\t\t<\/div>\n\t\t\t\t<div class=\"elementor-element elementor-element-7b2d1f0 elementor-align-center elementor-widget elementor-widget-button\" data-id=\"7b2d1f0\" data-element_type=\"widget\" data-e-type=\"widget\" data-widget_type=\"button.default\">\n\t\t\t\t<div class=\"elementor-widget-container\">\n\t\t\t\t\t\t\t\t\t<div class=\"elementor-button-wrapper\">\n\t\t\t\t\t<a class=\"elementor-button elementor-button-link elementor-size-sm\" href=\"https:\/\/dorelaiepan.ace.page\/meet\/emotion-code-session\" target=\"_blank\" rel=\"noopener\">\n\t\t\t\t\t\t<span class=\"elementor-button-content-wrapper\">\n\t\t\t\t\t\t\t\t\t<span class=\"elementor-button-text\">Book the session<\/span>\n\t\t\t\t\t<\/span>\n\t\t\t\t\t<\/a>\n\t\t\t\t<\/div>\n\t\t\t\t\t\t\t\t<\/div>\n\t\t\t\t<\/div>\n\t\t\t\t<div class=\"elementor-element elementor-element-c8ca9bc elementor-align-center elementor-widget elementor-widget-button\" data-id=\"c8ca9bc\" data-element_type=\"widget\" data-e-type=\"widget\" data-widget_type=\"button.default\">\n\t\t\t\t<div class=\"elementor-widget-container\">\n\t\t\t\t\t\t\t\t\t<div class=\"elementor-button-wrapper\">\n\t\t\t\t\t<a class=\"elementor-button elementor-button-link elementor-size-sm\" href=\"https:\/\/dorelaiepan.ace.page\/meet\/emotion-code-fr\" target=\"_blank\" rel=\"noopener\">\n\t\t\t\t\t\t<span class=\"elementor-button-content-wrapper\">\n\t\t\t\t\t\t\t\t\t<span class=\"elementor-button-text\">R\u00e9server votre s\u00e9ance<\/span>\n\t\t\t\t\t<\/span>\n\t\t\t\t\t<\/a>\n\t\t\t\t<\/div>\n\t\t\t\t\t\t\t\t<\/div>\n\t\t\t\t<\/div>\n\t\t\t\t<div class=\"elementor-element elementor-element-5b6263d elementor-align-center elementor-widget elementor-widget-button\" data-id=\"5b6263d\" data-element_type=\"widget\" data-e-type=\"widget\" data-widget_type=\"button.default\">\n\t\t\t\t<div class=\"elementor-widget-container\">\n\t\t\t\t\t\t\t\t\t<div class=\"elementor-button-wrapper\">\n\t\t\t\t\t<a class=\"elementor-button elementor-button-link elementor-size-sm\" href=\"https:\/\/dorelaiepan.ace.page\/meet\/emotion-code\" target=\"_blank\" rel=\"noopener\">\n\t\t\t\t\t\t<span class=\"elementor-button-content-wrapper\">\n\t\t\t\t\t\t\t\t\t<span class=\"elementor-button-text\">M\u0103 programez<\/span>\n\t\t\t\t\t<\/span>\n\t\t\t\t\t<\/a>\n\t\t\t\t<\/div>\n\t\t\t\t\t\t\t\t<\/div>\n\t\t\t\t<\/div>\n\t\t\t\t<div class=\"elementor-element elementor-element-c4556a2 elementor-widget elementor-widget-html\" data-id=\"c4556a2\" data-element_type=\"widget\" data-e-type=\"widget\" data-no-translation=\"\" data-widget_type=\"html.default\">\n\t\t\t\t<div class=\"elementor-widget-container\">\n\t\t\t\t\t<style>.elementor-element-c4556a2{display:none !important}<\/style>\t\t\t\t<\/div>\n\t\t\t\t<\/div>\n\t\t\t\t<div class=\"elementor-element elementor-element-502ef1b elementor-widget elementor-widget-html\" data-id=\"502ef1b\" data-element_type=\"widget\" data-e-type=\"widget\" data-no-translation=\"\" data-widget_type=\"html.default\">\n\t\t\t\t<div class=\"elementor-widget-container\">\n\t\t\t\t\t<!-- \u00cencepe widgetul ACE Meetings -->\r\n      <ace-calendar meeting-link=\"emotion-code-fr\" subdomain=\"dorelaiepan\" wsuuid=\"facc2ebc-bd0f-4b7e-9277-3afa991595ef\">\r\n      <div id=\"pyes\" slot=\"pyes-c\"><\/div><div id=\"pyepp\" slot=\"pyepp-c\"><\/div>\r\n      <\/ace-calendar>\r\n      <script type=\"module\" src=\"https:\/\/app.useace.com\/widget\/main.js\"><\/script>\r\n      <!-- Sf\u00e2r\u0219itul widgetului ACE Meetings -->\t\t\t\t<\/div>\n\t\t\t\t<\/div>\n\t\t\t\t\t<\/div>\n\t\t<\/div>\n\t\t\t\t\t<\/div>\n\t\t<\/section>\n\t\t\t\t<\/div>","protected":false},"excerpt":{"rendered":"<h2><b>S\u00e9ance de lib\u00e9ration des \u00e9motions bloqu\u00e9es \u00e0 l'aide du Code des \u00e9motions<\/b><\/h2>\n<p>Releasing trapped emotions can create the right conditions for the body to heal, so physical and emotional difficulties can disappear or become much easier to manage.<\/p>\n<p>Everything we experience in our lives (including challenges or situations we don&#8217;t like) comes from an energy imbalance, caused by trapped emotions, beliefs or energy blockages of any kind. And most of them can be released very easily.<\/p>\n<p>Apr\u00e8s avoir choisi et pay\u00e9 la s\u00e9ance, vous pouvez la r\u00e9server ici sur <a href=\"#emotionbook\">l'Agenda<\/a>. For the 3-month Package, you can reserve the 30-minute slot for the first session.<\/p>","protected":false},"featured_media":3403,"comment_status":"open","ping_status":"closed","template":"","meta":{"pmpro_default_level":""},"product_brand":[],"product_cat":[124],"product_tag":[],"class_list":{"0":"post-1900","1":"product","2":"type-product","3":"status-publish","4":"has-post-thumbnail","6":"product_cat-individual","7":"pmpro-has-access","9":"first","10":"instock","11":"shipping-taxable","12":"purchasable","13":"product-type-variable","14":"has-default-attributes"},"jetpack_sharing_enabled":true,"_links":{"self":[{"href":"https:\/\/dorelaiepan.com\/fr\/wp-json\/wp\/v2\/product\/1900","targetHints":{"allow":["GET"]}}],"collection":[{"href":"https:\/\/dorelaiepan.com\/fr\/wp-json\/wp\/v2\/product"}],"about":[{"href":"https:\/\/dorelaiepan.com\/fr\/wp-json\/wp\/v2\/types\/product"}],"replies":[{"embeddable":true,"href":"https:\/\/dorelaiepan.com\/fr\/wp-json\/wp\/v2\/comments?post=1900"}],"version-history":[{"count":96,"href":"https:\/\/dorelaiepan.com\/fr\/wp-json\/wp\/v2\/product\/1900\/revisions"}],"predecessor-version":[{"id":9253,"href":"https:\/\/dorelaiepan.com\/fr\/wp-json\/wp\/v2\/product\/1900\/revisions\/9253"}],"wp:featuredmedia":[{"embeddable":true,"href":"https:\/\/dorelaiepan.com\/fr\/wp-json\/wp\/v2\/media\/3403"}],"wp:attachment":[{"href":"https:\/\/dorelaiepan.com\/fr\/wp-json\/wp\/v2\/media?parent=1900"}],"wp:term":[{"taxonomy":"product_brand","embeddable":true,"href":"https:\/\/dorelaiepan.com\/fr\/wp-json\/wp\/v2\/product_brand?post=1900"},{"taxonomy":"product_cat","embeddable":true,"href":"https:\/\/dorelaiepan.com\/fr\/wp-json\/wp\/v2\/product_cat?post=1900"},{"taxonomy":"product_tag","embeddable":true,"href":"https:\/\/dorelaiepan.com\/fr\/wp-json\/wp\/v2\/product_tag?post=1900"}],"curies":[{"name":"wp","href":"https:\/\/api.w.org\/{rel}","templated":true}]}}