{"id":7505,"date":"2024-09-04T20:19:36","date_gmt":"2024-09-04T18:19:36","guid":{"rendered":"https:\/\/dorelaiepan.com\/?page_id=7505"},"modified":"2025-11-20T13:36:00","modified_gmt":"2025-11-20T12:36:00","slug":"events","status":"publish","type":"page","link":"https:\/\/dorelaiepan.com\/fr\/events\/","title":{"rendered":"\u00c9v\u00e9nements"},"content":{"rendered":"<div data-elementor-type=\"wp-page\" data-elementor-id=\"7505\" class=\"elementor elementor-7505\" data-elementor-post-type=\"page\">\n\t\t\t\t\t\t<section class=\"elementor-section elementor-top-section elementor-element elementor-element-3a531eae elementor-section-full_width elementor-section-height-default elementor-section-height-default\" data-id=\"3a531eae\" data-element_type=\"section\" data-e-type=\"section\">\n\t\t\t\t\t\t<div class=\"elementor-container elementor-column-gap-default\">\n\t\t\t\t\t<div class=\"elementor-column elementor-col-100 elementor-top-column elementor-element elementor-element-17c3e6c6\" data-id=\"17c3e6c6\" data-element_type=\"column\" data-e-type=\"column\">\n\t\t\t<div class=\"elementor-widget-wrap elementor-element-populated\">\n\t\t\t\t\t\t<div class=\"elementor-element elementor-element-997d6db elementor-widget__width-auto elementor-widget elementor-widget-text-editor\" data-id=\"997d6db\" data-element_type=\"widget\" data-e-type=\"widget\" data-widget_type=\"text-editor.default\">\n\t\t\t\t<div class=\"elementor-widget-container\">\n\t\t\t\t\t\t\t\t\t<p>Subscribe to the newsletter to receive news about community events.<\/p>\t\t\t\t\t\t\t\t<\/div>\n\t\t\t\t<\/div>\n\t\t\t\t<div class=\"elementor-element elementor-element-d063ab3 elementor-widget__width-initial elementor-widget elementor-widget-button\" data-id=\"d063ab3\" data-element_type=\"widget\" data-e-type=\"widget\" data-widget_type=\"button.default\">\n\t\t\t\t<div class=\"elementor-widget-container\">\n\t\t\t\t\t\t\t\t\t<div class=\"elementor-button-wrapper\">\n\t\t\t\t\t<a class=\"elementor-button elementor-button-link elementor-size-sm\" href=\"https:\/\/dorelaiepan.com\/subscribe\/\" target=\"_blank\">\n\t\t\t\t\t\t<span class=\"elementor-button-content-wrapper\">\n\t\t\t\t\t\t\t\t\t<span class=\"elementor-button-text\">Subscribe<\/span>\n\t\t\t\t\t<\/span>\n\t\t\t\t\t<\/a>\n\t\t\t\t<\/div>\n\t\t\t\t\t\t\t\t<\/div>\n\t\t\t\t<\/div>\n\t\t\t\t<div class=\"elementor-element elementor-element-6c7d803 elementor-widget elementor-widget-shortcode\" data-id=\"6c7d803\" data-element_type=\"widget\" data-e-type=\"widget\" data-widget_type=\"shortcode.default\">\n\t\t\t\t<div class=\"elementor-widget-container\">\n\t\t\t\t\t\t\t<div class=\"elementor-shortcode\"><iframe data-src=\"https:\/\/calendar.google.com\/calendar\/embed?height=600&wkst=2&ctz=Europe%2FParis&bgcolor=%23ffffff&showPrint=0&mode=AGENDA&title=Events%20for%20the%20Community%20DorelaiEPAN&src=NmVhMjk4N2JlMDUyNDRmZmQwY2M3NTBmZTU2YTIxMmFkZWNkYjdkYTVlYmViYzM3YjAzOTk1N2M3MzMyZmQwN0Bncm91cC5jYWxlbmRhci5nb29nbGUuY29t&src=YTJkODRhZWM4YTQ5NTE5OGYzYWY2ODE0NWQyMzUxYWU2YzVhZGYxNDk2MDM0MjU0ODljNDdhNGFjM2IwZjg4MkBncm91cC5jYWxlbmRhci5nb29nbGUuY29t&src=NWM5YzQ1ODQzMDVmZTA4OThiYjBlZTk0OTY4MDhlZTVkMzk5ZmFiNzU4ZjgxZWIzODZmMTQ4NGViMTQyNzFiMEBncm91cC5jYWxlbmRhci5nb29nbGUuY29t&color=%23bda37d&color=%230000cc&color=%23008000\" style=\"border-width:0\" width=\"800\" height=\"600\" frameborder=\"0\" scrolling=\"no\" src=\"data:image\/svg+xml;base64,PHN2ZyB3aWR0aD0iMSIgaGVpZ2h0PSIxIiB4bWxucz0iaHR0cDovL3d3dy53My5vcmcvMjAwMC9zdmciPjwvc3ZnPg==\" class=\"lazyload\" data-load-mode=\"1\"><\/iframe><\/div>\n\t\t\t\t\t\t<\/div>\n\t\t\t\t<\/div>\n\t\t\t\t<div class=\"elementor-element elementor-element-3fd36c3 elementor-widget__width-initial elementor-widget elementor-widget-button\" data-id=\"3fd36c3\" data-element_type=\"widget\" data-e-type=\"widget\" data-widget_type=\"button.default\">\n\t\t\t\t<div class=\"elementor-widget-container\">\n\t\t\t\t\t\t\t\t\t<div class=\"elementor-button-wrapper\">\n\t\t\t\t\t<a class=\"elementor-button elementor-button-link elementor-size-sm\" href=\"https:\/\/calendar.google.com\/calendar\/u\/1?cid=NmVhMjk4N2JlMDUyNDRmZmQwY2M3NTBmZTU2YTIxMmFkZWNkYjdkYTVlYmViYzM3YjAzOTk1N2M3MzMyZmQwN0Bncm91cC5jYWxlbmRhci5nb29nbGUuY29t\" target=\"_blank\" rel=\"noopener\">\n\t\t\t\t\t\t<span class=\"elementor-button-content-wrapper\">\n\t\t\t\t\t\t\t\t\t<span class=\"elementor-button-text\">Subscribe to English Calendar<\/span>\n\t\t\t\t\t<\/span>\n\t\t\t\t\t<\/a>\n\t\t\t\t<\/div>\n\t\t\t\t\t\t\t\t<\/div>\n\t\t\t\t<\/div>\n\t\t\t\t<div class=\"elementor-element elementor-element-ec163f7 elementor-widget__width-initial elementor-widget elementor-widget-button\" data-id=\"ec163f7\" data-element_type=\"widget\" data-e-type=\"widget\" data-widget_type=\"button.default\">\n\t\t\t\t<div class=\"elementor-widget-container\">\n\t\t\t\t\t\t\t\t\t<div class=\"elementor-button-wrapper\">\n\t\t\t\t\t<a class=\"elementor-button elementor-button-link elementor-size-sm\" href=\"https:\/\/calendar.google.com\/calendar\/u\/1?cid=YTJkODRhZWM4YTQ5NTE5OGYzYWY2ODE0NWQyMzUxYWU2YzVhZGYxNDk2MDM0MjU0ODljNDdhNGFjM2IwZjg4MkBncm91cC5jYWxlbmRhci5nb29nbGUuY29t\" target=\"_blank\" rel=\"noopener\">\n\t\t\t\t\t\t<span class=\"elementor-button-content-wrapper\">\n\t\t\t\t\t\t\t\t\t<span class=\"elementor-button-text\">S'abonner au Calendrier Fran\u00e7ais<\/span>\n\t\t\t\t\t<\/span>\n\t\t\t\t\t<\/a>\n\t\t\t\t<\/div>\n\t\t\t\t\t\t\t\t<\/div>\n\t\t\t\t<\/div>\n\t\t\t\t<div class=\"elementor-element elementor-element-13e92d1 elementor-widget__width-initial elementor-widget elementor-widget-button\" data-id=\"13e92d1\" data-element_type=\"widget\" data-e-type=\"widget\" data-widget_type=\"button.default\">\n\t\t\t\t<div class=\"elementor-widget-container\">\n\t\t\t\t\t\t\t\t\t<div class=\"elementor-button-wrapper\">\n\t\t\t\t\t<a class=\"elementor-button elementor-button-link elementor-size-sm\" href=\"https:\/\/calendar.google.com\/calendar\/u\/1?cid=NWM5YzQ1ODQzMDVmZTA4OThiYjBlZTk0OTY4MDhlZTVkMzk5ZmFiNzU4ZjgxZWIzODZmMTQ4NGViMTQyNzFiMEBncm91cC5jYWxlbmRhci5nb29nbGUuY29t\" target=\"_blank\" rel=\"noopener\">\n\t\t\t\t\t\t<span class=\"elementor-button-content-wrapper\">\n\t\t\t\t\t\t\t\t\t<span class=\"elementor-button-text\">Iscriviti per il Calendario Italiano<\/span>\n\t\t\t\t\t<\/span>\n\t\t\t\t\t<\/a>\n\t\t\t\t<\/div>\n\t\t\t\t\t\t\t\t<\/div>\n\t\t\t\t<\/div>\n\t\t\t\t<div class=\"elementor-element elementor-element-4bf6ce7 elementor-widget elementor-widget-text-editor\" data-id=\"4bf6ce7\" data-element_type=\"widget\" data-e-type=\"widget\" data-widget_type=\"text-editor.default\">\n\t\t\t\t<div class=\"elementor-widget-container\">\n\t\t\t\t\t\t\t\t\t<p>Descoper\u0103 evenimentele comunit\u0103\u021bii <a href=\"https:\/\/relatiaperfecta.ro\/cursuri\/\" target=\"_blank\" rel=\"noopener\">Rela\u021bia Perfect\u0103<\/a> \u00een limba rom\u00e2n\u0103 <strong><a href=\"https:\/\/relatiaperfecta.ro\/evenimente\/\" target=\"_blank\" rel=\"noopener\">aici<\/a><\/strong>.<\/p>\t\t\t\t\t\t\t\t<\/div>\n\t\t\t\t<\/div>\n\t\t\t\t\t<\/div>\n\t\t<\/div>\n\t\t\t\t\t<\/div>\n\t\t<\/section>\n\t\t\t\t<\/div>","protected":false},"excerpt":{"rendered":"<p>Subscribe to the newsletter to receive news about community events. Subscribe Subscribe to English Calendar S&#8217;abonner au Calendrier Fran\u00e7ais Iscriviti per il Calendario Italiano Descoper\u0103 evenimentele comunit\u0103\u021bii Rela\u021bia Perfect\u0103 \u00een limba rom\u00e2n\u0103 aici.<\/p>","protected":false},"author":1,"featured_media":7529,"parent":0,"menu_order":0,"comment_status":"closed","ping_status":"closed","template":"","meta":{"pmpro_default_level":"","footnotes":""},"class_list":["post-7505","page","type-page","status-publish","has-post-thumbnail","hentry","pmpro-has-access"],"jetpack_sharing_enabled":true,"_links":{"self":[{"href":"https:\/\/dorelaiepan.com\/fr\/wp-json\/wp\/v2\/pages\/7505","targetHints":{"allow":["GET"]}}],"collection":[{"href":"https:\/\/dorelaiepan.com\/fr\/wp-json\/wp\/v2\/pages"}],"about":[{"href":"https:\/\/dorelaiepan.com\/fr\/wp-json\/wp\/v2\/types\/page"}],"author":[{"embeddable":true,"href":"https:\/\/dorelaiepan.com\/fr\/wp-json\/wp\/v2\/users\/1"}],"replies":[{"embeddable":true,"href":"https:\/\/dorelaiepan.com\/fr\/wp-json\/wp\/v2\/comments?post=7505"}],"version-history":[{"count":50,"href":"https:\/\/dorelaiepan.com\/fr\/wp-json\/wp\/v2\/pages\/7505\/revisions"}],"predecessor-version":[{"id":9089,"href":"https:\/\/dorelaiepan.com\/fr\/wp-json\/wp\/v2\/pages\/7505\/revisions\/9089"}],"wp:featuredmedia":[{"embeddable":true,"href":"https:\/\/dorelaiepan.com\/fr\/wp-json\/wp\/v2\/media\/7529"}],"wp:attachment":[{"href":"https:\/\/dorelaiepan.com\/fr\/wp-json\/wp\/v2\/media?parent=7505"}],"curies":[{"name":"wp","href":"https:\/\/api.w.org\/{rel}","templated":true}]}}