{"id":7340,"date":"2024-08-29T09:18:01","date_gmt":"2024-08-29T07:18:01","guid":{"rendered":"https:\/\/dorelaiepan.com\/resources-podcasts-en-copy\/"},"modified":"2024-08-31T09:53:37","modified_gmt":"2024-08-31T07:53:37","slug":"risorse-it","status":"publish","type":"page","link":"https:\/\/dorelaiepan.com\/fr\/risorse-it\/","title":{"rendered":"Risorse italiane"},"content":{"rendered":"<div data-elementor-type=\"wp-page\" data-elementor-id=\"7340\" class=\"elementor elementor-7340\" data-elementor-post-type=\"page\">\n\t\t\t\t\t\t<section class=\"elementor-section elementor-top-section elementor-element elementor-element-edd8815 elementor-section-boxed elementor-section-height-default elementor-section-height-default\" data-id=\"edd8815\" data-element_type=\"section\" data-e-type=\"section\">\n\t\t\t\t\t\t<div class=\"elementor-container elementor-column-gap-default\">\n\t\t\t\t\t<div class=\"elementor-column elementor-col-100 elementor-top-column elementor-element elementor-element-10a9dc2\" data-id=\"10a9dc2\" data-element_type=\"column\" data-e-type=\"column\">\n\t\t\t<div class=\"elementor-widget-wrap elementor-element-populated\">\n\t\t\t\t\t\t<section class=\"elementor-section elementor-inner-section elementor-element elementor-element-ac4b7b2 elementor-section-boxed elementor-section-height-default elementor-section-height-default\" data-id=\"ac4b7b2\" data-element_type=\"section\" data-e-type=\"section\">\n\t\t\t\t\t\t<div class=\"elementor-container elementor-column-gap-default\">\n\t\t\t\t\t<div class=\"elementor-column elementor-col-100 elementor-inner-column elementor-element elementor-element-aa9e415\" data-id=\"aa9e415\" data-element_type=\"column\" data-e-type=\"column\">\n\t\t\t<div class=\"elementor-widget-wrap elementor-element-populated\">\n\t\t\t\t\t\t<div class=\"elementor-element elementor-element-b937c3f hfe-nav-menu__align-justify hfe-nav-menu__breakpoint-none hfe-submenu-icon-arrow hfe-submenu-animation-none hfe-link-redirect-child elementor-widget elementor-widget-navigation-menu\" data-id=\"b937c3f\" data-element_type=\"widget\" data-e-type=\"widget\" data-settings=\"{&quot;padding_horizontal_menu_item&quot;:{&quot;unit&quot;:&quot;px&quot;,&quot;size&quot;:15,&quot;sizes&quot;:[]},&quot;padding_horizontal_menu_item_tablet&quot;:{&quot;unit&quot;:&quot;px&quot;,&quot;size&quot;:&quot;&quot;,&quot;sizes&quot;:[]},&quot;padding_horizontal_menu_item_mobile&quot;:{&quot;unit&quot;:&quot;px&quot;,&quot;size&quot;:&quot;&quot;,&quot;sizes&quot;:[]},&quot;padding_vertical_menu_item&quot;:{&quot;unit&quot;:&quot;px&quot;,&quot;size&quot;:15,&quot;sizes&quot;:[]},&quot;padding_vertical_menu_item_tablet&quot;:{&quot;unit&quot;:&quot;px&quot;,&quot;size&quot;:&quot;&quot;,&quot;sizes&quot;:[]},&quot;padding_vertical_menu_item_mobile&quot;:{&quot;unit&quot;:&quot;px&quot;,&quot;size&quot;:&quot;&quot;,&quot;sizes&quot;:[]},&quot;menu_space_between&quot;:{&quot;unit&quot;:&quot;px&quot;,&quot;size&quot;:&quot;&quot;,&quot;sizes&quot;:[]},&quot;menu_space_between_tablet&quot;:{&quot;unit&quot;:&quot;px&quot;,&quot;size&quot;:&quot;&quot;,&quot;sizes&quot;:[]},&quot;menu_space_between_mobile&quot;:{&quot;unit&quot;:&quot;px&quot;,&quot;size&quot;:&quot;&quot;,&quot;sizes&quot;:[]},&quot;menu_row_space&quot;:{&quot;unit&quot;:&quot;px&quot;,&quot;size&quot;:&quot;&quot;,&quot;sizes&quot;:[]},&quot;menu_row_space_tablet&quot;:{&quot;unit&quot;:&quot;px&quot;,&quot;size&quot;:&quot;&quot;,&quot;sizes&quot;:[]},&quot;menu_row_space_mobile&quot;:{&quot;unit&quot;:&quot;px&quot;,&quot;size&quot;:&quot;&quot;,&quot;sizes&quot;:[]},&quot;dropdown_border_radius&quot;:{&quot;unit&quot;:&quot;px&quot;,&quot;top&quot;:&quot;&quot;,&quot;right&quot;:&quot;&quot;,&quot;bottom&quot;:&quot;&quot;,&quot;left&quot;:&quot;&quot;,&quot;isLinked&quot;:true},&quot;dropdown_border_radius_tablet&quot;:{&quot;unit&quot;:&quot;px&quot;,&quot;top&quot;:&quot;&quot;,&quot;right&quot;:&quot;&quot;,&quot;bottom&quot;:&quot;&quot;,&quot;left&quot;:&quot;&quot;,&quot;isLinked&quot;:true},&quot;dropdown_border_radius_mobile&quot;:{&quot;unit&quot;:&quot;px&quot;,&quot;top&quot;:&quot;&quot;,&quot;right&quot;:&quot;&quot;,&quot;bottom&quot;:&quot;&quot;,&quot;left&quot;:&quot;&quot;,&quot;isLinked&quot;:true},&quot;width_dropdown_item&quot;:{&quot;unit&quot;:&quot;px&quot;,&quot;size&quot;:&quot;220&quot;,&quot;sizes&quot;:[]},&quot;width_dropdown_item_tablet&quot;:{&quot;unit&quot;:&quot;px&quot;,&quot;size&quot;:&quot;&quot;,&quot;sizes&quot;:[]},&quot;width_dropdown_item_mobile&quot;:{&quot;unit&quot;:&quot;px&quot;,&quot;size&quot;:&quot;&quot;,&quot;sizes&quot;:[]},&quot;padding_horizontal_dropdown_item&quot;:{&quot;unit&quot;:&quot;px&quot;,&quot;size&quot;:&quot;&quot;,&quot;sizes&quot;:[]},&quot;padding_horizontal_dropdown_item_tablet&quot;:{&quot;unit&quot;:&quot;px&quot;,&quot;size&quot;:&quot;&quot;,&quot;sizes&quot;:[]},&quot;padding_horizontal_dropdown_item_mobile&quot;:{&quot;unit&quot;:&quot;px&quot;,&quot;size&quot;:&quot;&quot;,&quot;sizes&quot;:[]},&quot;padding_vertical_dropdown_item&quot;:{&quot;unit&quot;:&quot;px&quot;,&quot;size&quot;:15,&quot;sizes&quot;:[]},&quot;padding_vertical_dropdown_item_tablet&quot;:{&quot;unit&quot;:&quot;px&quot;,&quot;size&quot;:&quot;&quot;,&quot;sizes&quot;:[]},&quot;padding_vertical_dropdown_item_mobile&quot;:{&quot;unit&quot;:&quot;px&quot;,&quot;size&quot;:&quot;&quot;,&quot;sizes&quot;:[]},&quot;distance_from_menu&quot;:{&quot;unit&quot;:&quot;px&quot;,&quot;size&quot;:&quot;&quot;,&quot;sizes&quot;:[]},&quot;distance_from_menu_tablet&quot;:{&quot;unit&quot;:&quot;px&quot;,&quot;size&quot;:&quot;&quot;,&quot;sizes&quot;:[]},&quot;distance_from_menu_mobile&quot;:{&quot;unit&quot;:&quot;px&quot;,&quot;size&quot;:&quot;&quot;,&quot;sizes&quot;:[]},&quot;toggle_size&quot;:{&quot;unit&quot;:&quot;px&quot;,&quot;size&quot;:&quot;&quot;,&quot;sizes&quot;:[]},&quot;toggle_size_tablet&quot;:{&quot;unit&quot;:&quot;px&quot;,&quot;size&quot;:&quot;&quot;,&quot;sizes&quot;:[]},&quot;toggle_size_mobile&quot;:{&quot;unit&quot;:&quot;px&quot;,&quot;size&quot;:&quot;&quot;,&quot;sizes&quot;:[]},&quot;toggle_border_width&quot;:{&quot;unit&quot;:&quot;px&quot;,&quot;size&quot;:&quot;&quot;,&quot;sizes&quot;:[]},&quot;toggle_border_width_tablet&quot;:{&quot;unit&quot;:&quot;px&quot;,&quot;size&quot;:&quot;&quot;,&quot;sizes&quot;:[]},&quot;toggle_border_width_mobile&quot;:{&quot;unit&quot;:&quot;px&quot;,&quot;size&quot;:&quot;&quot;,&quot;sizes&quot;:[]},&quot;toggle_border_radius&quot;:{&quot;unit&quot;:&quot;px&quot;,&quot;size&quot;:&quot;&quot;,&quot;sizes&quot;:[]},&quot;toggle_border_radius_tablet&quot;:{&quot;unit&quot;:&quot;px&quot;,&quot;size&quot;:&quot;&quot;,&quot;sizes&quot;:[]},&quot;toggle_border_radius_mobile&quot;:{&quot;unit&quot;:&quot;px&quot;,&quot;size&quot;:&quot;&quot;,&quot;sizes&quot;:[]}}\" data-widget_type=\"navigation-menu.default\">\n\t\t\t\t<div class=\"elementor-widget-container\">\n\t\t\t\t\t\t\t\t<div class=\"hfe-nav-menu hfe-layout-horizontal hfe-nav-menu-layout horizontal hfe-pointer__none\" data-layout=\"horizontal\">\n\t\t\t\t<div role=\"button\" class=\"hfe-nav-menu__toggle elementor-clickable\" tabindex=\"0\" aria-label=\"Menu Toggle\">\n\t\t\t\t\t<span class=\"screen-reader-text\">Menu<\/span>\n\t\t\t\t\t<div class=\"hfe-nav-menu-icon\">\n\t\t\t\t\t\t\t\t\t\t\t<\/div>\n\t\t\t\t<\/div>\n\t\t\t\t<nav class=\"hfe-nav-menu__layout-horizontal hfe-nav-menu__submenu-arrow\" data-toggle-icon=\"\" data-close-icon=\"\" data-full-width=\"\">\n\t\t\t\t\t<ul id=\"menu-1-b937c3f\" class=\"hfe-nav-menu\"><li id=\"menu-item-7465\" class=\"menu-item menu-item-type-post_type menu-item-object-page parent hfe-creative-menu\"><a href=\"https:\/\/dorelaiepan.com\/fr\/resources\/\" class = \"hfe-menu-item\">Ressources<\/a><\/li>\n<li id=\"menu-item-6985\" class=\"menu-item menu-item-type-post_type menu-item-object-page menu-item-has-children parent hfe-has-submenu hfe-creative-menu\"><div class=\"hfe-has-submenu-container\" tabindex=\"0\" role=\"button\" aria-haspopup=\"true\" aria-expanded=\"false\"><a href=\"https:\/\/dorelaiepan.com\/fr\/resources-en\/\" class = \"hfe-menu-item\">Anglais<span class='hfe-menu-toggle sub-arrow hfe-menu-child-0'><i class='fa'><\/i><\/span><\/a><\/div>\n<ul class=\"sub-menu\">\n\t<li id=\"menu-item-8364\" class=\"menu-item menu-item-type-post_type menu-item-object-page stm_col_width_default stm_mega_cols_inside_default stm_mega_col_width_banner_default hfe-creative-menu\"><a target=\"_blank\"rel=\"noopener\" href=\"https:\/\/dorelaiepan.com\/fr\/read-the-book\/\" class = \"hfe-sub-menu-item\">Read The Perfect Relationship Book<\/a><\/li>\n\t<li id=\"menu-item-7013\" class=\"menu-item menu-item-type-post_type menu-item-object-page stm_col_width_default stm_mega_cols_inside_default stm_mega_col_width_banner_default hfe-creative-menu\"><a href=\"https:\/\/dorelaiepan.com\/fr\/resources-en\/\" class = \"hfe-sub-menu-item\">English Resources<\/a><\/li>\n\t<li id=\"menu-item-7007\" class=\"menu-item menu-item-type-post_type menu-item-object-page stm_col_width_default stm_mega_cols_inside_default stm_mega_col_width_banner_default hfe-creative-menu\"><a href=\"https:\/\/dorelaiepan.com\/fr\/resources-podcasts-en\/\" class = \"hfe-sub-menu-item\">English Podcasts<\/a><\/li>\n<\/ul>\n<\/li>\n<li id=\"menu-item-6987\" class=\"menu-item menu-item-type-custom menu-item-object-custom menu-item-has-children parent hfe-has-submenu hfe-creative-menu\"><div class=\"hfe-has-submenu-container\" tabindex=\"0\" role=\"button\" aria-haspopup=\"true\" aria-expanded=\"false\"><a href=\"https:\/\/dorelaiepan.com\/fr\/resources-fr\" class = \"hfe-menu-item\">Fran\u00e7ais<span class='hfe-menu-toggle sub-arrow hfe-menu-child-0'><i class='fa'><\/i><\/span><\/a><\/div>\n<ul class=\"sub-menu\">\n\t<li id=\"menu-item-8365\" class=\"menu-item menu-item-type-custom menu-item-object-custom stm_col_width_default stm_mega_cols_inside_default stm_mega_col_width_banner_default hfe-creative-menu\"><a href=\"https:\/\/dorelaiepan.com\/fr\/read-the-book\/\" class = \"hfe-sub-menu-item\">Lire le livre La Relation Parfaite<\/a><\/li>\n\t<li id=\"menu-item-7363\" class=\"menu-item menu-item-type-custom menu-item-object-custom stm_col_width_default stm_mega_cols_inside_default stm_mega_col_width_banner_default hfe-creative-menu\"><a href=\"https:\/\/dorelaiepan.com\/fr\/resources-fr\" class = \"hfe-sub-menu-item\">Ressources en Fran\u00e7ais<\/a><\/li>\n\t<li id=\"menu-item-7364\" class=\"menu-item menu-item-type-custom menu-item-object-custom stm_col_width_default stm_mega_cols_inside_default stm_mega_col_width_banner_default hfe-creative-menu\"><a href=\"https:\/\/dorelaiepan.com\/fr\/resources-academie\/\" class = \"hfe-sub-menu-item\">Conf\u00e9rences Academie Nouvelle Vie<\/a><\/li>\n<\/ul>\n<\/li>\n<li id=\"menu-item-7297\" class=\"menu-item menu-item-type-custom menu-item-object-custom menu-item-has-children parent hfe-has-submenu hfe-creative-menu\"><div class=\"hfe-has-submenu-container\" tabindex=\"0\" role=\"button\" aria-haspopup=\"true\" aria-expanded=\"false\"><a href=\"https:\/\/dorelaiepan.com\/risorse-it\" class = \"hfe-menu-item\">Risorse in Italiano<span class='hfe-menu-toggle sub-arrow hfe-menu-child-0'><i class='fa'><\/i><\/span><\/a><\/div>\n<ul class=\"sub-menu\">\n\t<li id=\"menu-item-7296\" class=\"menu-item menu-item-type-post_type menu-item-object-page stm_col_width_default stm_mega_cols_inside_default stm_mega_col_width_banner_default hfe-creative-menu\"><a target=\"_blank\"rel=\"noopener\" href=\"https:\/\/dorelaiepan.com\/fr\/la-relazione-perfetta\/\" class = \"hfe-sub-menu-item\">La Relazione Perfetta &#8211; Scopri il libro<\/a><\/li>\n\t<li id=\"menu-item-7350\" class=\"menu-item menu-item-type-post_type menu-item-object-page stm_col_width_default stm_mega_cols_inside_default stm_mega_col_width_banner_default hfe-creative-menu\"><a href=\"https:\/\/dorelaiepan.com\/fr\/risorse-it\/\" class = \"hfe-sub-menu-item\">Italiano<\/a><\/li>\n<\/ul>\n<\/li>\n<li id=\"menu-item-6986\" class=\"menu-item menu-item-type-custom menu-item-object-custom menu-item-has-children parent hfe-has-submenu hfe-creative-menu\"><div class=\"hfe-has-submenu-container\" tabindex=\"0\" role=\"button\" aria-haspopup=\"true\" aria-expanded=\"false\"><a target=\"_blank\" rel=\"noopener\" href=\"https:\/\/relatiaperfecta.ro\/resurse\/?wpmobileexternal=true\" class=\"hfe-menu-item\">Rom\u00e2n\u0103<span class='hfe-menu-toggle sub-arrow hfe-menu-child-0'><i class='fa'><\/i><\/span><\/a><\/div>\n<ul class=\"sub-menu\">\n\t<li id=\"menu-item-8367\" class=\"menu-item menu-item-type-custom menu-item-object-custom stm_col_width_default stm_mega_cols_inside_default stm_mega_col_width_banner_default hfe-creative-menu\"><a href=\"https:\/\/www.relatiaperfecta.ro\/citesterelatiaperfecta?wpmobileexternal=true\" class=\"hfe-sub-menu-item\" target=\"_blank\" rel=\"noopener\">Cite\u0219te cartea Rela\u021bia Perfect\u0103<\/a><\/li>\n<\/ul>\n<\/li>\n<\/ul> \n\t\t\t\t<\/nav>\n\t\t\t<\/div>\n\t\t\t\t\t\t\t<\/div>\n\t\t\t\t<\/div>\n\t\t\t\t<div class=\"elementor-element elementor-element-448a643 elementor-widget elementor-widget-text-editor\" data-id=\"448a643\" data-element_type=\"widget\" data-e-type=\"widget\" data-widget_type=\"text-editor.default\">\n\t\t\t\t<div class=\"elementor-widget-container\">\n\t\t\t\t\t\t\t\t\t<p><strong>Libri<\/strong><\/p><ul><li>Leggi <span style=\"color: #fc1370;\"><strong><a style=\"color: #fc1370;\" href=\"https:\/\/dorelaiepan.com\/leggi-il-libro\/\" target=\"_blank\" rel=\"noopener\">i primi 6 capitoli<\/a><\/strong><\/span> del libro <span style=\"color: #fc1370;\"><strong><a style=\"color: #fc1370;\" href=\"https:\/\/dorelaiepan.com\/la-relazione-perfetta\/\" target=\"_blank\" rel=\"noopener\">La Relazione Perfetta<\/a><\/strong><\/span>.<\/li><\/ul>\t\t\t\t\t\t\t\t<\/div>\n\t\t\t\t<\/div>\n\t\t\t\t\t<\/div>\n\t\t<\/div>\n\t\t\t\t\t<\/div>\n\t\t<\/section>\n\t\t\t\t\t<\/div>\n\t\t<\/div>\n\t\t\t\t\t<\/div>\n\t\t<\/section>\n\t\t\t\t<\/div>","protected":false},"excerpt":{"rendered":"<p>Menu Resources English English Resources English Podcasts Fran\u00e7ais Ressources en Fran\u00e7ais Conf\u00e9rences Academie Nouvelle Vie Risorse in Italiano Italiano La Relazione Perfetta &#8211; Scopri il libro Rom\u00e2n\u0103 Libri Leggi i primi 6 capitoli del libro La Relazione Perfetta.<\/p>","protected":false},"author":1,"featured_media":7369,"parent":0,"menu_order":0,"comment_status":"closed","ping_status":"closed","template":"elementor_header_footer","meta":{"pmpro_default_level":"","footnotes":""},"class_list":["post-7340","page","type-page","status-publish","has-post-thumbnail","hentry","pmpro-has-access"],"jetpack_sharing_enabled":true,"_links":{"self":[{"href":"https:\/\/dorelaiepan.com\/fr\/wp-json\/wp\/v2\/pages\/7340","targetHints":{"allow":["GET"]}}],"collection":[{"href":"https:\/\/dorelaiepan.com\/fr\/wp-json\/wp\/v2\/pages"}],"about":[{"href":"https:\/\/dorelaiepan.com\/fr\/wp-json\/wp\/v2\/types\/page"}],"author":[{"embeddable":true,"href":"https:\/\/dorelaiepan.com\/fr\/wp-json\/wp\/v2\/users\/1"}],"replies":[{"embeddable":true,"href":"https:\/\/dorelaiepan.com\/fr\/wp-json\/wp\/v2\/comments?post=7340"}],"version-history":[{"count":13,"href":"https:\/\/dorelaiepan.com\/fr\/wp-json\/wp\/v2\/pages\/7340\/revisions"}],"predecessor-version":[{"id":7384,"href":"https:\/\/dorelaiepan.com\/fr\/wp-json\/wp\/v2\/pages\/7340\/revisions\/7384"}],"wp:featuredmedia":[{"embeddable":true,"href":"https:\/\/dorelaiepan.com\/fr\/wp-json\/wp\/v2\/media\/7369"}],"wp:attachment":[{"href":"https:\/\/dorelaiepan.com\/fr\/wp-json\/wp\/v2\/media?parent=7340"}],"curies":[{"name":"wp","href":"https:\/\/api.w.org\/{rel}","templated":true}]}}