{"id":6771,"date":"2024-05-02T06:41:42","date_gmt":"2024-05-02T04:41:42","guid":{"rendered":"https:\/\/dorelaiepan.com\/?page_id=6771"},"modified":"2024-05-02T06:43:15","modified_gmt":"2024-05-02T04:43:15","slug":"app","status":"publish","type":"page","link":"https:\/\/dorelaiepan.com\/fr\/app\/","title":{"rendered":"Dorela iEPAN App"},"content":{"rendered":"<div data-elementor-type=\"wp-page\" data-elementor-id=\"6771\" class=\"elementor elementor-6771\" data-elementor-post-type=\"page\">\n\t\t\t\t\t\t<section class=\"elementor-section elementor-top-section elementor-element elementor-element-0471467 elementor-section-boxed elementor-section-height-default elementor-section-height-default\" data-id=\"0471467\" data-element_type=\"section\" data-e-type=\"section\">\n\t\t\t\t\t\t<div class=\"elementor-container elementor-column-gap-default\">\n\t\t\t\t\t<div class=\"elementor-column elementor-col-100 elementor-top-column elementor-element elementor-element-8e5c022\" data-id=\"8e5c022\" data-element_type=\"column\" data-e-type=\"column\">\n\t\t\t<div class=\"elementor-widget-wrap elementor-element-populated\">\n\t\t\t\t\t\t<section class=\"elementor-section elementor-inner-section elementor-element elementor-element-5465d2e elementor-section-boxed elementor-section-height-default elementor-section-height-default\" data-id=\"5465d2e\" data-element_type=\"section\" data-e-type=\"section\">\n\t\t\t\t\t\t<div class=\"elementor-container elementor-column-gap-default\">\n\t\t\t\t\t<div class=\"elementor-column elementor-col-100 elementor-inner-column elementor-element elementor-element-5f9b7c7\" data-id=\"5f9b7c7\" data-element_type=\"column\" data-e-type=\"column\">\n\t\t\t<div class=\"elementor-widget-wrap elementor-element-populated\">\n\t\t\t\t\t\t<div class=\"elementor-element elementor-element-fb94745 elementor-widget elementor-widget-text-editor\" data-id=\"fb94745\" data-element_type=\"widget\" data-e-type=\"widget\" data-widget_type=\"text-editor.default\">\n\t\t\t\t<div class=\"elementor-widget-container\">\n\t\t\t\t\t\t\t\t\t<p><strong>T\u00e9l\u00e9chargez l'application dans la boutique de votre t\u00e9l\u00e9phone\u00a0:\u00a0<a href=\"https:\/\/apps.apple.com\/be\/app\/dorela-iepan\/id6477486573\" target=\"_blank\" rel=\"noopener\">Iphone<\/a>\u00a0|\u00a0<a href=\"https:\/\/galaxystore.samsung.com\/detail\/appdorelaiepancom.wpapp\" target=\"_blank\" rel=\"noopener\">Samsung<\/a>\u00a0|\u00a0<a href=\"https:\/\/appgallery.huawei.com\/app\/C110270355\" target=\"_blank\" rel=\"noopener\">Huawei<\/a>\u00a0|\u00a0<a href=\"https:\/\/play.google.com\/store\/apps\/details?id=appdorelaiepancom.wpapp\" target=\"_blank\" rel=\"noopener\">Google Play<\/a>\u00a0|\u00a0<a href=\"https:\/\/www.amazon.com\/dp\/B0CV53ZCG8\" target=\"_blank\" rel=\"noopener\">Amazon<\/a><\/strong><\/p>\t\t\t\t\t\t\t\t<\/div>\n\t\t\t\t<\/div>\n\t\t\t\t\t<\/div>\n\t\t<\/div>\n\t\t\t\t\t<\/div>\n\t\t<\/section>\n\t\t\t\t\t<\/div>\n\t\t<\/div>\n\t\t\t\t\t<\/div>\n\t\t<\/section>\n\t\t\t\t<\/div>","protected":false},"excerpt":{"rendered":"<p>Download the app in your phone\u2019s store:\u00a0Iphone\u00a0|\u00a0Samsung\u00a0|\u00a0Huawei\u00a0|\u00a0Google Play\u00a0|\u00a0Amazon<\/p>","protected":false},"author":1,"featured_media":6017,"parent":0,"menu_order":0,"comment_status":"closed","ping_status":"closed","template":"","meta":{"pmpro_default_level":"","footnotes":""},"class_list":["post-6771","page","type-page","status-publish","has-post-thumbnail","hentry","pmpro-has-access"],"jetpack_sharing_enabled":true,"_links":{"self":[{"href":"https:\/\/dorelaiepan.com\/fr\/wp-json\/wp\/v2\/pages\/6771","targetHints":{"allow":["GET"]}}],"collection":[{"href":"https:\/\/dorelaiepan.com\/fr\/wp-json\/wp\/v2\/pages"}],"about":[{"href":"https:\/\/dorelaiepan.com\/fr\/wp-json\/wp\/v2\/types\/page"}],"author":[{"embeddable":true,"href":"https:\/\/dorelaiepan.com\/fr\/wp-json\/wp\/v2\/users\/1"}],"replies":[{"embeddable":true,"href":"https:\/\/dorelaiepan.com\/fr\/wp-json\/wp\/v2\/comments?post=6771"}],"version-history":[{"count":4,"href":"https:\/\/dorelaiepan.com\/fr\/wp-json\/wp\/v2\/pages\/6771\/revisions"}],"predecessor-version":[{"id":6775,"href":"https:\/\/dorelaiepan.com\/fr\/wp-json\/wp\/v2\/pages\/6771\/revisions\/6775"}],"wp:featuredmedia":[{"embeddable":true,"href":"https:\/\/dorelaiepan.com\/fr\/wp-json\/wp\/v2\/media\/6017"}],"wp:attachment":[{"href":"https:\/\/dorelaiepan.com\/fr\/wp-json\/wp\/v2\/media?parent=6771"}],"curies":[{"name":"wp","href":"https:\/\/api.w.org\/{rel}","templated":true}]}}