{"id":3773,"date":"2023-12-19T07:22:48","date_gmt":"2023-12-19T05:22:48","guid":{"rendered":"https:\/\/dorelaiepan.com\/membership-account\/membership-levels\/"},"modified":"2024-02-07T17:58:21","modified_gmt":"2024-02-07T15:58:21","slug":"subscriptions","status":"publish","type":"page","link":"https:\/\/dorelaiepan.com\/fr\/membership-account\/subscriptions\/","title":{"rendered":"Les Abonnements"},"content":{"rendered":"\t\t<div data-elementor-type=\"wp-page\" data-elementor-id=\"3773\" class=\"elementor elementor-3773\" data-elementor-post-type=\"page\">\n\t\t\t\t\t\t<section class=\"elementor-section elementor-top-section elementor-element elementor-element-008ba4b elementor-section-content-space-between elementor-hidden-desktop elementor-section-boxed elementor-section-height-default elementor-section-height-default\" data-id=\"008ba4b\" data-element_type=\"section\" data-e-type=\"section\">\n\t\t\t\t\t\t<div class=\"elementor-container elementor-column-gap-default\">\n\t\t\t\t\t<div class=\"elementor-column elementor-col-100 elementor-top-column elementor-element elementor-element-a3eca9f\" data-id=\"a3eca9f\" data-element_type=\"column\" data-e-type=\"column\">\n\t\t\t<div class=\"elementor-widget-wrap elementor-element-populated\">\n\t\t\t\t\t\t<div class=\"elementor-element elementor-element-38ab033 elementor-widget elementor-widget-shortcode\" data-id=\"38ab033\" data-element_type=\"widget\" data-e-type=\"widget\" data-widget_type=\"shortcode.default\">\n\t\t\t\t<div class=\"elementor-widget-container\">\n\t\t\t\t\t\t\t<div class=\"elementor-shortcode\"><div class=\"trp_language_switcher_shortcode\">\n<div class=\"trp-language-switcher trp-language-switcher-container\" data-no-translation >\n    <div class=\"trp-ls-shortcode-current-language\">\n        <a href=\"#\" class=\"trp-ls-shortcode-disabled-language trp-ls-disabled-language\" title=\"Fran\u00e7ais\" onclick=\"event.preventDefault()\">\n\t\t\t<img decoding=\"async\" class=\"trp-flag-image lazyload\" data-src=\"https:\/\/dorelaiepan.com\/wp-content\/plugins\/translatepress-multilingual\/assets\/images\/flags\/fr_FR.png\" width=\"18\" height=\"12\" alt=\"fr_FR\" title=\"Fran\u00e7ais\" src=\"data:image\/svg+xml;base64,PHN2ZyB3aWR0aD0iMSIgaGVpZ2h0PSIxIiB4bWxucz0iaHR0cDovL3d3dy53My5vcmcvMjAwMC9zdmciPjwvc3ZnPg==\" style=\"--smush-placeholder-width: 18px; --smush-placeholder-aspect-ratio: 18\/12;\"> \t\t<\/a>\n    <\/div>\n    <div class=\"trp-ls-shortcode-language\">\n                <a href=\"#\" class=\"trp-ls-shortcode-disabled-language trp-ls-disabled-language\"  title=\"Fran\u00e7ais\" onclick=\"event.preventDefault()\">\n\t\t\t<img decoding=\"async\" class=\"trp-flag-image lazyload\" data-src=\"https:\/\/dorelaiepan.com\/wp-content\/plugins\/translatepress-multilingual\/assets\/images\/flags\/fr_FR.png\" width=\"18\" height=\"12\" alt=\"fr_FR\" title=\"Fran\u00e7ais\" src=\"data:image\/svg+xml;base64,PHN2ZyB3aWR0aD0iMSIgaGVpZ2h0PSIxIiB4bWxucz0iaHR0cDovL3d3dy53My5vcmcvMjAwMC9zdmciPjwvc3ZnPg==\" style=\"--smush-placeholder-width: 18px; --smush-placeholder-aspect-ratio: 18\/12;\"> \t\t<\/a>\n                    <a href=\"https:\/\/dorelaiepan.com\/fr\/wp-json\/wp\/v2\/pages\/3773#TRPLINKPROCESSED\" title=\"English\">\n            <img decoding=\"async\" class=\"trp-flag-image lazyload\" data-src=\"https:\/\/dorelaiepan.com\/wp-content\/plugins\/translatepress-multilingual\/assets\/images\/flags\/en_US.png\" width=\"18\" height=\"12\" alt=\"en_US\" title=\"English\" src=\"data:image\/svg+xml;base64,PHN2ZyB3aWR0aD0iMSIgaGVpZ2h0PSIxIiB4bWxucz0iaHR0cDovL3d3dy53My5vcmcvMjAwMC9zdmciPjwvc3ZnPg==\" style=\"--smush-placeholder-width: 18px; --smush-placeholder-aspect-ratio: 18\/12;\">         <\/a>\n\n        <\/div>\n    <script type=\"application\/javascript\">\n        \/\/ need to have the same with set from JS on both divs. Otherwise it can push stuff around in HTML\n        var trp_ls_shortcodes = document.querySelectorAll('.trp_language_switcher_shortcode .trp-language-switcher');\n        if ( trp_ls_shortcodes.length > 0) {\n            \/\/ get the last language switcher added\n            var trp_el = trp_ls_shortcodes[trp_ls_shortcodes.length - 1];\n\n            var trp_shortcode_language_item = trp_el.querySelector( '.trp-ls-shortcode-language' )\n            \/\/ set width\n            var trp_ls_shortcode_width                                               = trp_shortcode_language_item.offsetWidth + 16;\n            trp_shortcode_language_item.style.width                                  = trp_ls_shortcode_width + 'px';\n            trp_el.querySelector( '.trp-ls-shortcode-current-language' ).style.width = trp_ls_shortcode_width + 'px';\n\n            \/\/ We're putting this on display: none after we have its width.\n            trp_shortcode_language_item.style.display = 'none';\n        }\n    <\/script>\n<\/div>\n<\/div><\/div>\n\t\t\t\t\t\t<\/div>\n\t\t\t\t<\/div>\n\t\t\t\t\t<\/div>\n\t\t<\/div>\n\t\t\t\t\t<\/div>\n\t\t<\/section>\n\t\t\t\t<section class=\"elementor-section elementor-top-section elementor-element elementor-element-1dfe297 elementor-section-boxed elementor-section-height-default elementor-section-height-default\" data-id=\"1dfe297\" data-element_type=\"section\" data-e-type=\"section\">\n\t\t\t\t\t\t<div class=\"elementor-container elementor-column-gap-default\">\n\t\t\t\t\t<div class=\"elementor-column elementor-col-100 elementor-top-column elementor-element elementor-element-221578e6\" data-id=\"221578e6\" data-element_type=\"column\" data-e-type=\"column\">\n\t\t\t<div class=\"elementor-widget-wrap elementor-element-populated\">\n\t\t\t\t\t\t<div class=\"elementor-element elementor-element-a423290 elementor-widget elementor-widget-stm_membership_levels\" data-id=\"a423290\" data-element_type=\"widget\" data-e-type=\"widget\" data-widget_type=\"stm_membership_levels.default\">\n\t\t\t\t<div class=\"elementor-widget-container\">\n\t\t\t\t\t\n<div class=\"stm_lms_levels__head\">\n\t<h1 class=\"stm_lms_levels__head_title\">Membership plans<\/h1>\n<\/div>\n\n<div class=\"stm_lms_levels__wrapper\">\n\t\n\t\t<div class=\"stm_lms_levels__container\">\n\t\t\t<div class=\"stm_lms_levels \">\n\t\t\t\t\t\t\t\t<div class=\"stm_lms_levels__name standard_padding\">\n\t\t\t\t\t<h2 class=\"stm_lms_levels__name_title\">\n\t\t\t\t\t\tSILVER\t\t\t\t\t\t\t\t\t\t\t\t\t<span class=\"stm_lms_levels__name_period\">\n\t\t\t\t\t\t\t\t \/ per Mois*\t\t\t\t\t\t\t<\/span>\n\t\t\t\t\t\t\t\t\t\t\t<\/h2>\n\t\t\t\t<\/div>\n\t\t\t\t<div class=\"stm_lms_levels__price\">\n\t\t\t\t\t<h3 class=\"stm_lms_levels__price_value price_30.00&euro;\">30.00&euro;<\/h3>\n\t\t\t\t<\/div>\n\t\t\t\t\t\t\t\t\t<div class=\"stm_lms_levels__price_description\">\n\t\t\t\t\t\t* Le tarif d\u2019adh\u00e9sion est de <strong>30.00&euro; par Mois<\/strong>. \t\t\t\t\t<\/div>\n\t\t\t\t\t\t\t\t\t\t\t\t\t<div class=\"stm_lms_levels__description\">\n\t\t\t\t\t\t<ul>\r\n \t<li>Access all the workshops only in 1 language<\/li>\r\n \t<li>Acc\u00e8s \u00e0 tous les ateliers seulement en 1 langue<\/li>\r\n \t<li>Accesso a tutti i workshop solo in 1 lingua<\/li>\r\n<\/ul>\r\n<strong>Event <a href=\"https:\/\/dorelaiepan.com\/events\" target=\"_blank\" rel=\"noopener\">Calendar<\/a><\/strong>\r\n<ul>\r\n \t<li>* Events exclusives of the Community. The Membership does not apply to outside events.<\/li>\r\n \t<li>* Ev\u00e9nements exclusifs \u00e0 la Communaut\u00e9. L'adh\u00e9sion ne s'applique pas aux \u00e9v\u00e9nements ext\u00e9rieurs.<\/li>\r\n \t<li>* Eventi esclusivi della Comunit\u00e0. L'iscrizione non si applica agli eventi esterni.<\/li>\r\n<\/ul>\r\n&#160;\r\n\r\nThis membership gives you access to the group workshops I organize monthly in <strong>one language<\/strong>. In this package you have included:\r\n<ul>\r\n \t<li>1 workshop per month in the language of your choice (value 59\u20ac)<\/li>\r\n \t<li>Access to recording of previous workshops\r\n<ul>\r\n \t<li><em>(4 ateliers en fran\u00e7ais en 2024 - <strong>valeur 144\u20ac<\/strong>) et les ateliers de cette ann\u00e9e (1 par mois) or<\/em><\/li>\r\n \t<li><em>(4 English workshops in 2024 - <strong>value 144\u20ac<\/strong>) and this year's workshops (1 per month) or<\/em><\/li>\r\n \t<li><em>(1 workshop in italiano in 2024 - <strong>valore 36\u20ac<\/strong>) e i workshop di quest'anno (1 per mese)<\/em><\/li>\r\n<\/ul>\r\n<\/li>\r\n<\/ul>\r\n<strong>You can participate live in all the workshops of the month + keep access to the recordings for the entire membership period.<\/strong>\t\t\t\t\t<\/div>\n\t\t\t\t\t\t\t\t<div class=\"stm_lms_levels__order\">\n\t\t\t\t\t<div class=\"stm_lms_levels__button after_level_items\">\n\t\t\t\t\t\t<a class=\"stm_lms_levels__button_element\" href=\"https:\/\/dorelaiepan.com\/fr\/membership-account\/membership-checkout\/?level=1\">\n\t\t\t\t\t\t\tGet started\t\t\t\t\t\t<\/a>\n\t\t\t\t\t<\/div>\n\t\t\t\t\t<div class=\"stm_lms_levels__items\">\n\t\t\t\t\t\t\t\t\t\t\t\t\t<div class=\"stm_lms_levels__item\">\n\t\t\t\t\t\t\t\t<span class=\"stm_lms_levels__items_icon\">\n\t\t\t\t\t\t\t\t\t\t\t\t\t\t\t\t\t\t\t\t<i class=\"stmlms-check-3-circle\"><\/i>\n\t\t\t\t\t\t\t\t\t\t\t\t\t\t\t\t\t\t\t<\/span>\n\t\t\t\t\t\t\t\tCourses included: 1\t\t\t\t\t\t\t<\/div>\n\t\t\t\t\t\t\t\t\t\t\t\t\t\t\t\t\t<\/div>\n\t\t\t\t<\/div>\n\t\t\t<\/div>\n\t\t<\/div>\n\t\n\t\t<div class=\"stm_lms_levels__container\">\n\t\t\t<div class=\"stm_lms_levels \">\n\t\t\t\t\t\t\t\t<div class=\"stm_lms_levels__name standard_padding\">\n\t\t\t\t\t<h2 class=\"stm_lms_levels__name_title\">\n\t\t\t\t\t\tGOLD\t\t\t\t\t\t\t\t\t\t\t\t\t<span class=\"stm_lms_levels__name_period\">\n\t\t\t\t\t\t\t\t \/ per Mois*\t\t\t\t\t\t\t<\/span>\n\t\t\t\t\t\t\t\t\t\t\t<\/h2>\n\t\t\t\t<\/div>\n\t\t\t\t<div class=\"stm_lms_levels__price\">\n\t\t\t\t\t<h3 class=\"stm_lms_levels__price_value price_55.00&euro;\">55.00&euro;<\/h3>\n\t\t\t\t<\/div>\n\t\t\t\t\t\t\t\t\t<div class=\"stm_lms_levels__price_description\">\n\t\t\t\t\t\t* Le tarif d\u2019adh\u00e9sion est de <strong>55.00&euro; par Mois<\/strong>. \t\t\t\t\t<\/div>\n\t\t\t\t\t\t\t\t\t\t\t\t\t<div class=\"stm_lms_levels__description\">\n\t\t\t\t\t\t<ul>\r\n \t<li>Access <strong>all the workshops<\/strong> in 3 languages and the <strong>e-book in english<\/strong><\/li>\r\n \t<li>Acc\u00e8s \u00e0 <strong>tous les ateliers<\/strong> en 3 langues et au livre <strong>e-book en fran\u00e7ais<\/strong><\/li>\r\n \t<li>Accesso a <strong>tutti i workshop<\/strong> in 3 lingue e al <strong>libro digitale in italiano<\/strong><\/li>\r\n<\/ul>\r\n<strong>Event <a href=\"https:\/\/dorelaiepan.com\/events\" target=\"_blank\" rel=\"noopener\">Calendar<\/a><\/strong>\r\n<ul>\r\n \t<li>* Events exclusives of the Community. The Membership does not apply to outside events.<\/li>\r\n \t<li>* Ev\u00e9nements exclusifs \u00e0 la Communaut\u00e9. L'adh\u00e9sion ne s'applique pas aux \u00e9v\u00e9nements ext\u00e9rieurs.<\/li>\r\n \t<li>* Eventi esclusivi della\u00a0Comunit\u00e0. L'iscrizione non si applica agli eventi esterni.<\/li>\r\n<\/ul>\r\nThis membership gives you access to the group workshops I organize monthly in <strong>3 languages<\/strong>. In this package you have included:\r\n<ul>\r\n \t<li>3 workshops per month (1 workshop per language, value 177\u20ac)<\/li>\r\n \t<li>Access to recording of last year previous workshops <em>(4 ateliers en <a href=\"https:\/\/dorelaiepan.com\/fr\/courses\/fr-membership\">fran\u00e7ais<\/a> en 2024 + 4 <a href=\"https:\/\/dorelaiepan.com\/courses\/en-membership\/\">English<\/a> workshops in 2024 + 1 workshop in <a href=\"https:\/\/dorelaiepan.com\/courses\/it-membership\/\">italiano<\/a> in 2024 - <strong>total value 324\u20ac<\/strong>)<\/em><\/li>\r\n \t<li>Access to recording of this year previous workshops<\/li>\r\n \t<li>Access to the e-book in the language of your choice<\/li>\r\n<\/ul>\r\n<strong>You can participate live in all the workshops of the month + keep access to the recordings for the entire membership period.<\/strong>\t\t\t\t\t<\/div>\n\t\t\t\t\t\t\t\t<div class=\"stm_lms_levels__order\">\n\t\t\t\t\t<div class=\"stm_lms_levels__button after_level_items\">\n\t\t\t\t\t\t<a class=\"stm_lms_levels__button_element\" href=\"https:\/\/dorelaiepan.com\/fr\/membership-account\/membership-checkout\/?level=2\">\n\t\t\t\t\t\t\tGet started\t\t\t\t\t\t<\/a>\n\t\t\t\t\t<\/div>\n\t\t\t\t\t<div class=\"stm_lms_levels__items\">\n\t\t\t\t\t\t\t\t\t\t\t\t\t<div class=\"stm_lms_levels__item\">\n\t\t\t\t\t\t\t\t<span class=\"stm_lms_levels__items_icon\">\n\t\t\t\t\t\t\t\t\t\t\t\t\t\t\t\t\t\t\t\t<i class=\"stmlms-check-3-circle\"><\/i>\n\t\t\t\t\t\t\t\t\t\t\t\t\t\t\t\t\t\t\t<\/span>\n\t\t\t\t\t\t\t\tCourses included: 4\t\t\t\t\t\t\t<\/div>\n\t\t\t\t\t\t\t\t\t\t\t\t\t\t\t\t\t<\/div>\n\t\t\t\t<\/div>\n\t\t\t<\/div>\n\t\t<\/div>\n\t\n\t\t<div class=\"stm_lms_levels__container\">\n\t\t\t<div class=\"stm_lms_levels \">\n\t\t\t\t\t\t\t\t<div class=\"stm_lms_levels__name standard_padding\">\n\t\t\t\t\t<h2 class=\"stm_lms_levels__name_title\">\n\t\t\t\t\t\tPLATINUM\t\t\t\t\t\t\t\t\t\t\t\t\t<span class=\"stm_lms_levels__name_period\">\n\t\t\t\t\t\t\t\t \/ per Mois*\t\t\t\t\t\t\t<\/span>\n\t\t\t\t\t\t\t\t\t\t\t<\/h2>\n\t\t\t\t<\/div>\n\t\t\t\t<div class=\"stm_lms_levels__price\">\n\t\t\t\t\t<h3 class=\"stm_lms_levels__price_value price_99.00&euro;\">99.00&euro;<\/h3>\n\t\t\t\t<\/div>\n\t\t\t\t\t\t\t\t\t<div class=\"stm_lms_levels__price_description\">\n\t\t\t\t\t\t* Le tarif d\u2019adh\u00e9sion est de <strong>99.00&euro; par Mois<\/strong>. \t\t\t\t\t<\/div>\n\t\t\t\t\t\t\t\t\t\t\t\t\t<div class=\"stm_lms_levels__description\">\n\t\t\t\t\t\t<ul>\r\n \t<li>Access <strong>all the workshops<\/strong> in 3 languages and the <strong>e-book in english + 1 30-minute session 1-1 per month<\/strong><\/li>\r\n \t<li>Acc\u00e8s \u00e0 <strong>tous les ateliers<\/strong> en 3 langues et au livre <strong>e-book en fran\u00e7ais + 1 session de 30 minutes 1-1 par mois<\/strong><\/li>\r\n \t<li>Accesso a <strong>tutti i workshop<\/strong> in 3 lingue e al <strong>libro digitale in italiano + 1 sessione di 30 minuti 1-1 al mese<\/strong><\/li>\r\n<\/ul>\r\n<strong>Event <a href=\"https:\/\/dorelaiepan.com\/events\" target=\"_blank\" rel=\"noopener\">Calendar<\/a><\/strong>\r\n<ul>\r\n \t<li>* Events exclusives of the Community. The Membership does not apply to outside events.<\/li>\r\n \t<li>* Ev\u00e9nements exclusifs \u00e0 la Communaut\u00e9. L'adh\u00e9sion ne s'applique pas aux \u00e9v\u00e9nements ext\u00e9rieurs.<\/li>\r\n \t<li>* Eventi esclusivi della Comunit\u00e0. L'iscrizione non si applica agli eventi esterni.<\/li>\r\n<\/ul>\r\nThis membership gives you access to the group workshops I organize monthly in <strong>3 languages<\/strong>. In this package you have included:\r\n<ul>\r\n \t<li>3 workshops per month (1 workshop per language, value 177\u20ac)<\/li>\r\n \t<li>Access to recording of last year previous workshops <em>(4 ateliers en fran\u00e7ais en 2024 + 4 English workshops in 2024 + 1 workshop in italiano in 2024 - <strong>total value 324\u20ac<\/strong>)<\/em><\/li>\r\n \t<li>Access to recording of this year previous workshops<\/li>\r\n \t<li>Access to the e-book in the languages of your choice<\/li>\r\n \t<li>1 30-minute 1-1 session per month (value 85\u20ac)<\/li>\r\n<\/ul>\r\n<strong>You can participate live in all the workshops of the month + keep access to the recordings for the entire membership period.<\/strong>\t\t\t\t\t<\/div>\n\t\t\t\t\t\t\t\t<div class=\"stm_lms_levels__order\">\n\t\t\t\t\t<div class=\"stm_lms_levels__button after_level_items\">\n\t\t\t\t\t\t<a class=\"stm_lms_levels__button_element\" href=\"https:\/\/dorelaiepan.com\/fr\/membership-account\/membership-checkout\/?level=3\">\n\t\t\t\t\t\t\tGet started\t\t\t\t\t\t<\/a>\n\t\t\t\t\t<\/div>\n\t\t\t\t\t<div class=\"stm_lms_levels__items\">\n\t\t\t\t\t\t\t\t\t\t\t\t\t<div class=\"stm_lms_levels__item\">\n\t\t\t\t\t\t\t\t<span class=\"stm_lms_levels__items_icon\">\n\t\t\t\t\t\t\t\t\t\t\t\t\t\t\t\t\t\t\t\t<i class=\"stmlms-check-3-circle\"><\/i>\n\t\t\t\t\t\t\t\t\t\t\t\t\t\t\t\t\t\t\t<\/span>\n\t\t\t\t\t\t\t\tCourses included: 6\t\t\t\t\t\t\t<\/div>\n\t\t\t\t\t\t\t\t\t\t\t\t\t\t\t\t\t<\/div>\n\t\t\t\t<\/div>\n\t\t\t<\/div>\n\t\t<\/div>\n\t<\/div>\n\t\t\t\t<\/div>\n\t\t\t\t<\/div>\n\t\t\t\t\t<\/div>\n\t\t<\/div>\n\t\t\t\t\t<\/div>\n\t\t<\/section>\n\t\t\t\t<\/div>\n\t\t","protected":false},"excerpt":{"rendered":"<p>Membership plans SILVER \/ per Month* &euro;20.00 * The price for membership is &euro;20.00 per Month. Get started<\/p>","protected":false},"author":1,"featured_media":0,"parent":3767,"menu_order":0,"comment_status":"closed","ping_status":"closed","template":"","meta":{"pmpro_default_level":"0","footnotes":""},"class_list":["post-3773","page","type-page","status-publish","hentry","pmpro-has-access"],"jetpack_sharing_enabled":true,"_links":{"self":[{"href":"https:\/\/dorelaiepan.com\/fr\/wp-json\/wp\/v2\/pages\/3773","targetHints":{"allow":["GET"]}}],"collection":[{"href":"https:\/\/dorelaiepan.com\/fr\/wp-json\/wp\/v2\/pages"}],"about":[{"href":"https:\/\/dorelaiepan.com\/fr\/wp-json\/wp\/v2\/types\/page"}],"author":[{"embeddable":true,"href":"https:\/\/dorelaiepan.com\/fr\/wp-json\/wp\/v2\/users\/1"}],"replies":[{"embeddable":true,"href":"https:\/\/dorelaiepan.com\/fr\/wp-json\/wp\/v2\/comments?post=3773"}],"version-history":[{"count":25,"href":"https:\/\/dorelaiepan.com\/fr\/wp-json\/wp\/v2\/pages\/3773\/revisions"}],"predecessor-version":[{"id":6319,"href":"https:\/\/dorelaiepan.com\/fr\/wp-json\/wp\/v2\/pages\/3773\/revisions\/6319"}],"up":[{"embeddable":true,"href":"https:\/\/dorelaiepan.com\/fr\/wp-json\/wp\/v2\/pages\/3767"}],"wp:attachment":[{"href":"https:\/\/dorelaiepan.com\/fr\/wp-json\/wp\/v2\/media?parent=3773"}],"curies":[{"name":"wp","href":"https:\/\/api.w.org\/{rel}","templated":true}]}}