{"id":2601,"date":"2023-03-15T18:47:52","date_gmt":"2023-03-15T16:47:52","guid":{"rendered":"https:\/\/dorelaiepan.com\/?page_id=2601"},"modified":"2025-10-31T08:40:17","modified_gmt":"2025-10-31T07:40:17","slug":"subscribe","status":"publish","type":"page","link":"https:\/\/dorelaiepan.com\/fr\/subscribe\/","title":{"rendered":"Choose your Newsletter"},"content":{"rendered":"<div data-elementor-type=\"wp-page\" data-elementor-id=\"2601\" class=\"elementor elementor-2601\" data-elementor-post-type=\"page\">\n\t\t\t\t\t\t<section class=\"elementor-section elementor-top-section elementor-element elementor-element-ba031e2 elementor-section-boxed elementor-section-height-default elementor-section-height-default\" data-id=\"ba031e2\" data-element_type=\"section\" data-e-type=\"section\">\n\t\t\t\t\t\t<div class=\"elementor-container elementor-column-gap-default\">\n\t\t\t\t\t<div class=\"elementor-column elementor-col-100 elementor-top-column elementor-element elementor-element-66928e9\" data-id=\"66928e9\" data-element_type=\"column\" data-e-type=\"column\">\n\t\t\t<div class=\"elementor-widget-wrap elementor-element-populated\">\n\t\t\t\t\t\t<div class=\"elementor-element elementor-element-6e6eb81 elementor-widget elementor-widget-html\" data-id=\"6e6eb81\" data-element_type=\"widget\" data-e-type=\"widget\" data-widget_type=\"html.default\">\n\t\t\t\t<div class=\"elementor-widget-container\">\n\t\t\t\t\t<center><script async src=\"https:\/\/retargeting.newsmanapp.com\/js\/embed-form.js\" data-nzmform=\"94753-13904-67100d831fbbbf2203d5a560-v2\"><\/script><\/center>\t\t\t\t<\/div>\n\t\t\t\t<\/div>\n\t\t\t\t\t<\/div>\n\t\t<\/div>\n\t\t\t\t\t<\/div>\n\t\t<\/section>\n\t\t\t\t<section class=\"elementor-section elementor-top-section elementor-element elementor-element-09741d9 elementor-section-boxed elementor-section-height-default elementor-section-height-default\" data-id=\"09741d9\" data-element_type=\"section\" data-e-type=\"section\">\n\t\t\t\t\t\t<div class=\"elementor-container elementor-column-gap-default\">\n\t\t\t\t\t<div class=\"elementor-column elementor-col-100 elementor-top-column elementor-element elementor-element-36846eb\" data-id=\"36846eb\" data-element_type=\"column\" data-e-type=\"column\">\n\t\t\t<div class=\"elementor-widget-wrap elementor-element-populated\">\n\t\t\t\t\t\t<div class=\"elementor-element elementor-element-53db97f elementor-widget elementor-widget-text-editor\" data-id=\"53db97f\" data-element_type=\"widget\" data-e-type=\"widget\" data-widget_type=\"text-editor.default\">\n\t\t\t\t<div class=\"elementor-widget-container\">\n\t\t\t\t\t\t\t\t\t<p>Sau aboneaz\u0103-te la newsletterul \u00een rom\u00e2n\u0103.<\/p>\t\t\t\t\t\t\t\t<\/div>\n\t\t\t\t<\/div>\n\t\t\t\t<div class=\"elementor-element elementor-element-8d7b340 elementor-widget__width-initial elementor-widget elementor-widget-button\" data-id=\"8d7b340\" data-element_type=\"widget\" data-e-type=\"widget\" data-widget_type=\"button.default\">\n\t\t\t\t<div class=\"elementor-widget-container\">\n\t\t\t\t\t\t\t\t\t<div class=\"elementor-button-wrapper\">\n\t\t\t\t\t<a class=\"elementor-button elementor-button-link elementor-size-sm\" href=\"https:\/\/relatiaperfecta.ro\/evenimente\" target=\"_blank\" rel=\"noopener\">\n\t\t\t\t\t\t<span class=\"elementor-button-content-wrapper\">\n\t\t\t\t\t\t\t\t\t<span class=\"elementor-button-text\">M\u0103 abonez gratuit<\/span>\n\t\t\t\t\t<\/span>\n\t\t\t\t\t<\/a>\n\t\t\t\t<\/div>\n\t\t\t\t\t\t\t\t<\/div>\n\t\t\t\t<\/div>\n\t\t\t\t\t<\/div>\n\t\t<\/div>\n\t\t\t\t\t<\/div>\n\t\t<\/section>\n\t\t\t\t<\/div>","protected":false},"excerpt":{"rendered":"<p>Sau aboneaz\u0103-te la newsletterul \u00een rom\u00e2n\u0103. M\u0103 abonez gratuit<\/p>","protected":false},"author":1,"featured_media":7369,"parent":0,"menu_order":0,"comment_status":"closed","ping_status":"closed","template":"","meta":{"pmpro_default_level":"","footnotes":""},"class_list":["post-2601","page","type-page","status-publish","has-post-thumbnail","hentry","pmpro-has-access"],"jetpack_sharing_enabled":true,"_links":{"self":[{"href":"https:\/\/dorelaiepan.com\/fr\/wp-json\/wp\/v2\/pages\/2601","targetHints":{"allow":["GET"]}}],"collection":[{"href":"https:\/\/dorelaiepan.com\/fr\/wp-json\/wp\/v2\/pages"}],"about":[{"href":"https:\/\/dorelaiepan.com\/fr\/wp-json\/wp\/v2\/types\/page"}],"author":[{"embeddable":true,"href":"https:\/\/dorelaiepan.com\/fr\/wp-json\/wp\/v2\/users\/1"}],"replies":[{"embeddable":true,"href":"https:\/\/dorelaiepan.com\/fr\/wp-json\/wp\/v2\/comments?post=2601"}],"version-history":[{"count":97,"href":"https:\/\/dorelaiepan.com\/fr\/wp-json\/wp\/v2\/pages\/2601\/revisions"}],"predecessor-version":[{"id":9067,"href":"https:\/\/dorelaiepan.com\/fr\/wp-json\/wp\/v2\/pages\/2601\/revisions\/9067"}],"wp:featuredmedia":[{"embeddable":true,"href":"https:\/\/dorelaiepan.com\/fr\/wp-json\/wp\/v2\/media\/7369"}],"wp:attachment":[{"href":"https:\/\/dorelaiepan.com\/fr\/wp-json\/wp\/v2\/media?parent=2601"}],"curies":[{"name":"wp","href":"https:\/\/api.w.org\/{rel}","templated":true}]}}